{"id":1019,"date":"2021-04-24T00:20:24","date_gmt":"2021-04-23T22:20:24","guid":{"rendered":"https:\/\/caputo-expertises.com\/faq\/"},"modified":"2024-12-31T16:57:21","modified_gmt":"2024-12-31T15:57:21","slug":"faq","status":"publish","type":"page","link":"https:\/\/caputo-expertises.com\/it\/faq\/","title":{"rendered":"FAQ"},"content":{"rendered":"<div  data-label=\"Content\" data-id=\"content--8\" data-export-id=\"content-6\" data-category=\"content\" class=\"content-6 content-section content-section-spacing\" id=\"content-8\" style=\"background-color: rgb(255, 255, 255);\"><div  class=\"gridContainer\"> <div  class=\"row text-center\"><div  class=\"section-title-col\" data-type=\"column\"> <h2  class=\"\">Qual \u00e8 la differenza tra una perizia immobiliare e un \u201cavis de valeur\u201d (analogo francese di una stima di base)?<\/h2> <\/div> <\/div> <div  class=\"row middle-sm\"> <div  class=\"col-sm-6\"> <div  class=\"row\"> <div  class=\"col-xs-12 space-bottom\" data-type=\"column\">  <p  class=\"\" style=\"text-align: justify;\"><span  style=\"font-weight: 400;\">La perizia immobiliare \u00e8 svolta da un professionista qualificato con assicurazione di responsabilit\u00e0 civile per tale attivit\u00e0.\r\n\r\n<\/span><span  style=\"font-weight: 400;\">La perizia immobiliare consiste nel valutare il valore di mercato di un immobile o di un immobile commerciale al momento attuale.<\/span><br ><br ><span  style=\"font-weight: 400;\">\r\nLa perizia immobiliare viene stabilita utilizzando diversi metodi di valutazione riconosciuti al fine di arrivare al valore di mercato dell\u2019immobile.<\/span><br ><br ><span  style=\"font-weight: 400;\">\r\nLa perizia dell\u2019esperto \u00e8 un documento completo di una trentina di pagine. \u00e8 opponibile nell\u2019ambito di procedimenti giudiziari o amministrativi amichevoli, il che non \u00e8 il caso dell \u201cavis de valeur\u201d.<\/span><br ><br ><span  style=\"font-weight: 400;\">\r\nUna perizia di esperti \u00e8 spesso richiesta nei seguenti contesti:<br >\r\n<br >Divorzio o separazione, liquidazione della comunit\u00e0,<br >\r\nSuccessione, condivisione delle donazioni,<br >\r\nRilascio della compropriet\u00e0,<br >\r\nDichiarazione per l\u2019IFI (imposta sul patrimonio immobiliare),<br >\r\nPrestito bancario, in particolare nell\u2019ambito dei prestiti ponte\r\n<br ><br >\r\nL\u201davis de valeur\u201d \u00e8 generalmente stabilito da un agente immobiliare e consiste nell\u2019apprezzare una gamma di prezzi al fine di preparare una transazione, principalmente una vendita. Questo documento, redatto su circa due pagine, ha una portata limitata.<br ><br >\r\n<\/span><\/p><\/div> <div  data-type=\"row\" class=\"col-xs-12\">  <div  class=\"row space-bottom force-align\"> <div  class=\"col-xs-12 col-sm-fit text-center\" data-preview-empty=\"1\"> <\/div> <div  class=\"col-xs-12 col-sm\" data-type=\"column\"><a class=\"button color1\" href=\"https:\/\/caputo-expertises.com\/it\/contatti\" target=\"_self\" data-cp-link=\"1\" data-icon=\"\" rel=\"noopener noreferrer\">RISPONDIAMO<\/a> <\/div> <\/div><\/div> <\/div><\/div> <div  class=\"col-sm-6 flexbox around-xs top-xs space-bottom-xs\"><div  class=\"overlay-box flexbox middle-xs center-xs overlay-holder\"> <div  class=\"overlay-box-offset offset-border shadow-medium border-color2 hide-xs\"><\/div> <img decoding=\"async\"  class=\"flexbox shadow-large img1\" data-size=\"485x632\" src=\"https:\/\/caputo-expertises.com\/wp-content\/uploads\/2021\/01\/cropped-FAQ-Cabinet-Caputo-Expertises.jpg\" title=\"ridimensionato-FAQ-Cabinet-Caputo-Expertises.jpg\" alt=\"\"><\/div> <\/div><\/div> <\/div><\/div><div  data-label=\"Content\" data-id=\"content--9\" data-export-id=\"content-8\" data-category=\"content\" class=\"content-8 content-section content-section-spacing\" id=\"content-9\" style=\"background-color: rgb(245, 250, 253);\"><div  class=\"gridContainer\"> <div  class=\"row middle-sm\"><div  class=\"col-sm-6 space-bottom-xs space-top-xs\" data-type=\"column\"> <img decoding=\"async\"  class=\"shadow-large\" src=\"https:\/\/caputo-expertises.com\/wp-content\/uploads\/2021\/01\/cropped-Temps-Cabinet-Caputo-Expertises.jpg\" title=\"ridimensionato-Tempo-Cabinet-Caputo-Expertises.jpg\" alt=\"\"><\/div> <div  class=\"col-sm-6\" data-type=\"column\"><h2  class=\"\">Qual \u00e8 il termine per effettuare una perizia immobiliare?<\/h2> <p  class=\"\">Il lasso di tempo per effettuare una stima immobiliare \u00e8 di circa un mese. Pu\u00f2 essere ridotto per motivi di emergenza.<\/p> <a class=\"button color1\" href=\"https:\/\/caputo-expertises.com\/it\/contatti\" target=\"_self\" data-cp-link=\"1\" data-icon=\"\" rel=\"noopener noreferrer\">RISPONDIAMO<\/a><\/div> <\/div><\/div> <\/div><div  data-label=\"About\" data-id=\"about--1\" data-export-id=\"about-10\" data-category=\"about\" class=\"about-10 content-section content-section-spacing\" id=\"about-1\" style=\"background-color: rgb(255, 255, 255);\"><div  class=\"gridContainer\"> <div  class=\"row middle-sm text-center\"><div  class=\"col-sm-5 space-bottom-xs content-column\" data-type=\"column\">  <h2  class=\"\">Qual \u00e8 il prezzo di una stima immobiliare?<\/h2> <p  class=\"\" style=\"text-align: justify;\">\r\n<br ><br >Dipende dalla natura della propriet\u00e0, dal tempo impiegato, dalla difficolt\u00e0 della missione, dal numero di ricerche \u2026\r\n<br ><br >\r\nTuttavia, la perizia \u00e8 sempre oggetto di un preventivo preliminare inviato al richiedente e che definisce con precisione la missione del perito.<\/p><a class=\"button color1\" href=\"https:\/\/caputo-expertises.com\/it\/contatti\" target=\"_self\" data-cp-link=\"1\" data-icon=\"\" rel=\"noopener noreferrer\">RISPONDIAMO<\/a> <\/div> <div  class=\"col-sm-7 flexbox middle-xs center-xs space-bottom-xs\"><div  class=\"overlay-box middle-xs center-xs flexbox\"> <div  class=\"overlay-box-offset offset-border shadow-medium border-color1 hide-xs\"><\/div> <img decoding=\"async\"  class=\"shadow-large\" data-size=\"485x705\" src=\"https:\/\/caputo-expertises.com\/wp-content\/uploads\/2021\/01\/honoraires-Cabinet-Caputo-Expertises.jpg\" title=\"Commissioni di Cabinet Caputo Expertises\" alt=\"\"><\/div> <\/div><\/div> <\/div><\/div><div  data-label=\"Content\" data-id=\"content--10\" data-export-id=\"content-8\" data-category=\"content\" class=\"content-8 content-section content-section-spacing\" id=\"content-10\" style=\"background-color: rgb(245, 250, 253);\"><div  class=\"gridContainer\"> <div  class=\"row middle-sm\"><div  class=\"col-sm-6 space-bottom-xs space-top-xs\" data-type=\"column\"> <img decoding=\"async\"  class=\"shadow-large\" src=\"https:\/\/caputo-expertises.com\/wp-content\/plugins\/mesmerize-companion\/theme-data\/mesmerize\/sections\/images\/apple-1838564.jpg\"><\/div> <div  class=\"col-sm-6\" data-type=\"column\"><h2  class=\"\">Come viene eseguita una valutazione immobiliare?<\/h2> <p  class=\"\">1. Contatto: Dopo aver ricevuto la richiesta, inviamo un preventivo.\r\n<br ><br >\r\n2. Visita dell\u2019immobile: dopo l\u2019accettazione del preventivo, concordiamo insieme l\u2019appuntamento per la visita dell\u2019immobile.<br ><br >\r\n3. Perizia: dopo la visita si procede alla valutazione del immobile e alla stesura della perizia che sar\u00e0 inviata via e-mail (salvo diversa richiesta).<\/p> <a class=\"button color1\" href=\"https:\/\/caputo-expertises.com\/it\/contatti\" target=\"_self\" data-cp-link=\"1\" data-icon=\"\" rel=\"noopener noreferrer\">RISPONDIAMO<\/a><\/div> <\/div><\/div> <\/div>\r\n<footer  style=\"padding: 30px; background: #333333; color: #ffffff;\">\r\n    <div  class=\"gridContainer\" style=\"max-width: 1200px; margin: auto; padding: 30px 30px 20px;\">\r\n        <div  class=\"row spaced-cols\" style=\"display: flex; flex-wrap: wrap; justify-content: space-between;\">\r\n\r\n            <div  class=\"col-sm-6 col-md-3\">\r\n                <h4  class=\"footer-title\">Chi siamo<\/h4>\r\n                <p >Caputo-Expertises \u00e8 uno studio specializzato nella valutazione di immobili e propriet\u00e0 commerciali per privati, commercianti, aziende e istituzioni.<\/p>\r\n            <\/div>\r\n\r\n            <div  class=\"col-sm-6 col-md-3\">\r\n                <h4  class=\"footer-title\">Ore<\/h4>\r\n                <p >Dal luned\u00ec al venerd\u00ec: dalle 08:00 alle 12:00 e dalle 14:00 alle 18:00.<\/p>\r\n                <p ><br >Sabato: 08:00 \u2013 12:00 e 14:00 \u2013 18:00<\/p>\r\n            <\/div>\r\n\r\n            <div  class=\"col-sm-6 col-md-3\">\r\n                <h4  class=\"footer-title\">Informazioni sull\u2019indirizzo<\/h4>\r\n                <p ><i  class=\"fa fa-address-card\"><\/i>  1173 Vieux Chemin de Cagnes, 06610 La Gaude<\/p>\r\n                <p ><i  class=\"fa fa-phone\"><\/i> <a  class=\"link\" href=\"tel:\/\/+33669183510\" style=\"color: #ffffff;\">+33 (0)6 69 18 35 10<\/a><\/p>\r\n                <p ><i  class=\"fa fa-envelope\"><\/i> <a  href=\"mailto:contact@caputo-expertises.com\" style=\"color: #ffffff;\">contact@caputo-expertises.com<\/a><\/p>\r\n            <\/div>\r\n\r\n            <div  class=\"col-sm-6 col-md-3\">\r\n                <h4  class=\"footer-title\">Mappa<\/h4>\r\n                <iframe  width=\"100%\" height=\"200\" style=\"border: 0;\" loading=\"lazy\" src=\"https:\/\/www.google.com\/maps\/embed?pb=!1m18!1m12!1m3!1d2884.1887595278217!2d7.145542715499469!3d43.706626179119475!2m3!1f0!2f0!3f0!3m2!1i1024!2i768!4f13.1!3m3!1m2!1s0x12cdd26f48adb477%3A0x53d8917b73289898!2s1173+Vieux+Chemin+de+Cagnes+%C3%A0+La+Gaude%2C+06610+La+Gaude!5e0!3m2!1sen!2sfr!4v1538600712807\" frameborder=\"0\" allowfullscreen=\"allowfullscreen\"><\/iframe>\r\n            <\/div>\r\n\r\n            <div  class=\"col-sm-6 col-md-3\" style=\"text-align: center;\">\r\n                <img  decoding=\"async\" src=\"https:\/\/caputo-expertises.com\/wp-content\/uploads\/2024\/10\/logo_membre_college_experts_immobiliers_cmjn_hd.jpg\" alt=\"Logo 1\" style=\"max-width: 100%; height: auto; margin-bottom: 10px;\">\r\n                <img  decoding=\"async\" src=\"https:\/\/caputo-expertises.com\/wp-content\/uploads\/2018\/06\/logo_seim_NB-02_blanc.jpg\" alt=\"Logo 2\" style=\"max-width: 100%; height: auto;\">\r\n            <\/div>\r\n\r\n        <\/div>\r\n    <\/div>\r\n<\/footer>  ","protected":false},"excerpt":{"rendered":"<p>Qual \u00e8 la differenza tra una perizia immobiliare e un \u201cavis de valeur\u201d (analogo francese di una stima di base)? La perizia immobiliare \u00e8 svolta da un professionista qualificato con assicurazione di responsabilit\u00e0 civile per tale attivit\u00e0. La perizia immobiliare consiste nel valutare il valore di mercato di un immobile o di un immobile commerciale&hellip; <br \/> <a class=\"read-more\" href=\"https:\/\/caputo-expertises.com\/it\/faq\/\">Read more<\/a><\/p>\n","protected":false},"author":1,"featured_media":0,"parent":0,"menu_order":0,"comment_status":"closed","ping_status":"closed","template":"pro\/page-templates\/page-with-small-header.php","meta":{"footnotes":""},"class_list":["post-1019","page","type-page","status-publish","hentry"],"yoast_head":"<!-- This site is optimized with the Yoast SEO plugin v26.9 - https:\/\/yoast.com\/product\/yoast-seo-wordpress\/ -->\n<title>Domande frequenti faq - Studio Caputo Expertises<\/title>\n<meta name=\"description\" content=\"Lo studio Caputo Expertises fornisce le domande pi\u00f9 frequenti per spiegare semplicemente lo stato di avanzamento di una perizia.\" \/>\n<meta name=\"robots\" content=\"index, follow, max-snippet:-1, max-image-preview:large, max-video-preview:-1\" \/>\n<link rel=\"canonical\" href=\"https:\/\/caputo-expertises.com\/it\/faq\/\" \/>\n<meta property=\"og:locale\" content=\"it_IT\" \/>\n<meta property=\"og:type\" content=\"article\" \/>\n<meta property=\"og:title\" content=\"Domande frequenti faq - Studio Caputo Expertises\" \/>\n<meta property=\"og:description\" content=\"Lo studio Caputo Expertises fornisce le domande pi\u00f9 frequenti per spiegare semplicemente lo stato di avanzamento di una perizia.\" \/>\n<meta property=\"og:url\" content=\"https:\/\/caputo-expertises.com\/it\/faq\/\" \/>\n<meta property=\"og:site_name\" content=\"caputo-expertises\" \/>\n<meta property=\"article:modified_time\" content=\"2024-12-31T15:57:21+00:00\" \/>\n<meta property=\"og:image\" content=\"https:\/\/caputo-expertises.com\/wp-content\/uploads\/2021\/01\/cropped-FAQ-Cabinet-Caputo-Expertises.jpg\" \/>\n<meta name=\"twitter:card\" content=\"summary_large_image\" \/>\n<meta name=\"twitter:label1\" content=\"Tempo di lettura stimato\" \/>\n\t<meta name=\"twitter:data1\" content=\"2 minuti\" \/>\n<script type=\"application\/ld+json\" class=\"yoast-schema-graph\">{\"@context\":\"https:\/\/schema.org\",\"@graph\":[{\"@type\":\"WebPage\",\"@id\":\"https:\/\/caputo-expertises.com\/it\/faq\/\",\"url\":\"https:\/\/caputo-expertises.com\/it\/faq\/\",\"name\":\"Domande frequenti faq - Studio Caputo Expertises\",\"isPartOf\":{\"@id\":\"https:\/\/caputo-expertises.com\/it\/#website\"},\"primaryImageOfPage\":{\"@id\":\"https:\/\/caputo-expertises.com\/it\/faq\/#primaryimage\"},\"image\":{\"@id\":\"https:\/\/caputo-expertises.com\/it\/faq\/#primaryimage\"},\"thumbnailUrl\":\"https:\/\/caputo-expertises.com\/wp-content\/uploads\/2021\/01\/cropped-FAQ-Cabinet-Caputo-Expertises.jpg\",\"datePublished\":\"2021-04-23T22:20:24+00:00\",\"dateModified\":\"2024-12-31T15:57:21+00:00\",\"description\":\"Lo studio Caputo Expertises fornisce le domande pi\u00f9 frequenti per spiegare semplicemente lo stato di avanzamento di una perizia.\",\"breadcrumb\":{\"@id\":\"https:\/\/caputo-expertises.com\/it\/faq\/#breadcrumb\"},\"inLanguage\":\"it-IT\",\"potentialAction\":[{\"@type\":\"ReadAction\",\"target\":[\"https:\/\/caputo-expertises.com\/it\/faq\/\"]}]},{\"@type\":\"ImageObject\",\"inLanguage\":\"it-IT\",\"@id\":\"https:\/\/caputo-expertises.com\/it\/faq\/#primaryimage\",\"url\":\"https:\/\/caputo-expertises.com\/wp-content\/uploads\/2021\/01\/cropped-FAQ-Cabinet-Caputo-Expertises.jpg\",\"contentUrl\":\"https:\/\/caputo-expertises.com\/wp-content\/uploads\/2021\/01\/cropped-FAQ-Cabinet-Caputo-Expertises.jpg\"},{\"@type\":\"BreadcrumbList\",\"@id\":\"https:\/\/caputo-expertises.com\/it\/faq\/#breadcrumb\",\"itemListElement\":[{\"@type\":\"ListItem\",\"position\":1,\"name\":\"Accueil\",\"item\":\"https:\/\/caputo-expertises.com\/it\/\"},{\"@type\":\"ListItem\",\"position\":2,\"name\":\"FAQ\"}]},{\"@type\":\"WebSite\",\"@id\":\"https:\/\/caputo-expertises.com\/it\/#website\",\"url\":\"https:\/\/caputo-expertises.com\/it\/\",\"name\":\"Caputo Expertises\",\"description\":\"\",\"publisher\":{\"@id\":\"https:\/\/caputo-expertises.com\/it\/#organization\"},\"potentialAction\":[{\"@type\":\"SearchAction\",\"target\":{\"@type\":\"EntryPoint\",\"urlTemplate\":\"https:\/\/caputo-expertises.com\/it\/?s={search_term_string}\"},\"query-input\":{\"@type\":\"PropertyValueSpecification\",\"valueRequired\":true,\"valueName\":\"search_term_string\"}}],\"inLanguage\":\"it-IT\"},{\"@type\":\"Organization\",\"@id\":\"https:\/\/caputo-expertises.com\/it\/#organization\",\"name\":\"CAPUTO-EXPERTISES\",\"url\":\"https:\/\/caputo-expertises.com\/it\/\",\"logo\":{\"@type\":\"ImageObject\",\"inLanguage\":\"it-IT\",\"@id\":\"https:\/\/caputo-expertises.com\/it\/#\/schema\/logo\/image\/\",\"url\":\"https:\/\/caputo-expertises.com\/wp-content\/uploads\/2018\/10\/Logo_caputo_expertises_transparent-1.png\",\"contentUrl\":\"https:\/\/caputo-expertises.com\/wp-content\/uploads\/2018\/10\/Logo_caputo_expertises_transparent-1.png\",\"width\":5712,\"height\":5288,\"caption\":\"CAPUTO-EXPERTISES\"},\"image\":{\"@id\":\"https:\/\/caputo-expertises.com\/it\/#\/schema\/logo\/image\/\"},\"sameAs\":[\"https:\/\/fr.linkedin.com\/in\/patrick-caputo-957053159\"]}]}<\/script>\n<!-- \/ Yoast SEO plugin. -->","yoast_head_json":{"title":"Domande frequenti faq - Studio Caputo Expertises","description":"Lo studio Caputo Expertises fornisce le domande pi\u00f9 frequenti per spiegare semplicemente lo stato di avanzamento di una perizia.","robots":{"index":"index","follow":"follow","max-snippet":"max-snippet:-1","max-image-preview":"max-image-preview:large","max-video-preview":"max-video-preview:-1"},"canonical":"https:\/\/caputo-expertises.com\/it\/faq\/","og_locale":"it_IT","og_type":"article","og_title":"Domande frequenti faq - Studio Caputo Expertises","og_description":"Lo studio Caputo Expertises fornisce le domande pi\u00f9 frequenti per spiegare semplicemente lo stato di avanzamento di una perizia.","og_url":"https:\/\/caputo-expertises.com\/it\/faq\/","og_site_name":"caputo-expertises","article_modified_time":"2024-12-31T15:57:21+00:00","og_image":[{"url":"https:\/\/caputo-expertises.com\/wp-content\/uploads\/2021\/01\/cropped-FAQ-Cabinet-Caputo-Expertises.jpg","type":"","width":"","height":""}],"twitter_card":"summary_large_image","twitter_misc":{"Tempo di lettura stimato":"2 minuti"},"schema":{"@context":"https:\/\/schema.org","@graph":[{"@type":"WebPage","@id":"https:\/\/caputo-expertises.com\/it\/faq\/","url":"https:\/\/caputo-expertises.com\/it\/faq\/","name":"Domande frequenti faq - Studio Caputo Expertises","isPartOf":{"@id":"https:\/\/caputo-expertises.com\/it\/#website"},"primaryImageOfPage":{"@id":"https:\/\/caputo-expertises.com\/it\/faq\/#primaryimage"},"image":{"@id":"https:\/\/caputo-expertises.com\/it\/faq\/#primaryimage"},"thumbnailUrl":"https:\/\/caputo-expertises.com\/wp-content\/uploads\/2021\/01\/cropped-FAQ-Cabinet-Caputo-Expertises.jpg","datePublished":"2021-04-23T22:20:24+00:00","dateModified":"2024-12-31T15:57:21+00:00","description":"Lo studio Caputo Expertises fornisce le domande pi\u00f9 frequenti per spiegare semplicemente lo stato di avanzamento di una perizia.","breadcrumb":{"@id":"https:\/\/caputo-expertises.com\/it\/faq\/#breadcrumb"},"inLanguage":"it-IT","potentialAction":[{"@type":"ReadAction","target":["https:\/\/caputo-expertises.com\/it\/faq\/"]}]},{"@type":"ImageObject","inLanguage":"it-IT","@id":"https:\/\/caputo-expertises.com\/it\/faq\/#primaryimage","url":"https:\/\/caputo-expertises.com\/wp-content\/uploads\/2021\/01\/cropped-FAQ-Cabinet-Caputo-Expertises.jpg","contentUrl":"https:\/\/caputo-expertises.com\/wp-content\/uploads\/2021\/01\/cropped-FAQ-Cabinet-Caputo-Expertises.jpg"},{"@type":"BreadcrumbList","@id":"https:\/\/caputo-expertises.com\/it\/faq\/#breadcrumb","itemListElement":[{"@type":"ListItem","position":1,"name":"Accueil","item":"https:\/\/caputo-expertises.com\/it\/"},{"@type":"ListItem","position":2,"name":"FAQ"}]},{"@type":"WebSite","@id":"https:\/\/caputo-expertises.com\/it\/#website","url":"https:\/\/caputo-expertises.com\/it\/","name":"Caputo Expertises","description":"","publisher":{"@id":"https:\/\/caputo-expertises.com\/it\/#organization"},"potentialAction":[{"@type":"SearchAction","target":{"@type":"EntryPoint","urlTemplate":"https:\/\/caputo-expertises.com\/it\/?s={search_term_string}"},"query-input":{"@type":"PropertyValueSpecification","valueRequired":true,"valueName":"search_term_string"}}],"inLanguage":"it-IT"},{"@type":"Organization","@id":"https:\/\/caputo-expertises.com\/it\/#organization","name":"CAPUTO-EXPERTISES","url":"https:\/\/caputo-expertises.com\/it\/","logo":{"@type":"ImageObject","inLanguage":"it-IT","@id":"https:\/\/caputo-expertises.com\/it\/#\/schema\/logo\/image\/","url":"https:\/\/caputo-expertises.com\/wp-content\/uploads\/2018\/10\/Logo_caputo_expertises_transparent-1.png","contentUrl":"https:\/\/caputo-expertises.com\/wp-content\/uploads\/2018\/10\/Logo_caputo_expertises_transparent-1.png","width":5712,"height":5288,"caption":"CAPUTO-EXPERTISES"},"image":{"@id":"https:\/\/caputo-expertises.com\/it\/#\/schema\/logo\/image\/"},"sameAs":["https:\/\/fr.linkedin.com\/in\/patrick-caputo-957053159"]}]}},"_links":{"self":[{"href":"https:\/\/caputo-expertises.com\/it\/wp-json\/wp\/v2\/pages\/1019","targetHints":{"allow":["GET"]}}],"collection":[{"href":"https:\/\/caputo-expertises.com\/it\/wp-json\/wp\/v2\/pages"}],"about":[{"href":"https:\/\/caputo-expertises.com\/it\/wp-json\/wp\/v2\/types\/page"}],"author":[{"embeddable":true,"href":"https:\/\/caputo-expertises.com\/it\/wp-json\/wp\/v2\/users\/1"}],"replies":[{"embeddable":true,"href":"https:\/\/caputo-expertises.com\/it\/wp-json\/wp\/v2\/comments?post=1019"}],"version-history":[{"count":9,"href":"https:\/\/caputo-expertises.com\/it\/wp-json\/wp\/v2\/pages\/1019\/revisions"}],"predecessor-version":[{"id":1406,"href":"https:\/\/caputo-expertises.com\/it\/wp-json\/wp\/v2\/pages\/1019\/revisions\/1406"}],"wp:attachment":[{"href":"https:\/\/caputo-expertises.com\/it\/wp-json\/wp\/v2\/media?parent=1019"}],"curies":[{"name":"wp","href":"https:\/\/api.w.org\/{rel}","templated":true}]}}