{"id":1041,"date":"2021-04-24T00:47:48","date_gmt":"2021-04-23T22:47:48","guid":{"rendered":"https:\/\/caputo-expertises.com\/attualita\/"},"modified":"2024-12-31T16:57:55","modified_gmt":"2024-12-31T15:57:55","slug":"attualita","status":"publish","type":"page","link":"https:\/\/caputo-expertises.com\/it\/attualita\/","title":{"rendered":"Attualit\u00e0"},"content":{"rendered":"<div data-label=\"Latest-news\" data-id=\"blog-section\" data-export-id=\"blog-section\" data-category=\"latest_news\" class=\"blog-section content-section content-section-spacing\" id=\"latest-news-1\" style=\"background-color: #ffffff;\">\r\n<div class=\"gridContainer\">\r\n<div class=\"row\">\r\n<div data-type=\"column\" class=\"section-title-col\">\r\n<h2 class=\"\">Le ultime notizie<\/h2>\r\n<p class=\"lead\">Sotto si trovano articoli degni di nota sulla nostra professione. Poich\u00e9 questi articoli citano leggi francesi, sono scritti in francese.<\/p>\r\n\r\n<\/div>\r\n<\/div>\r\n<div class=\"row\">\r\n<div data-type=\"row\" data-dynamic-columns=\"handled\" data-content-shortcode=\"mesmerize_latest_news\">\t\t<div class=\"row center-sm content-left-sm\">\n\t\t\t<\/div>\n\t<\/div>\r\n<\/div>\r\n<div class=\"row\">\r\n<div class=\"text-center\"><a class=\"button color1\" data-attr-shortcode=\"href:mesmerize_blog_link\" href=\"https:\/\/caputo-expertises.com\/?post_type=post\" data-icon=\"\">TUTTE LE NOSTRE NEWS<\/a><\/div>\r\n<\/div>\r\n<\/div>\r\n<\/div>\r\n\r\n<\/div>\r\n<footer  style=\"padding: 30px; background: #333333; color: #ffffff;\">\r\n    <div  class=\"gridContainer\" style=\"max-width: 1200px; margin: auto; padding: 30px 30px 20px;\">\r\n        <div  class=\"row spaced-cols\" style=\"display: flex; flex-wrap: wrap; justify-content: space-between;\">\r\n\r\n            <div  class=\"col-sm-6 col-md-3\">\r\n                <h4  class=\"footer-title\">Chi siamo<\/h4>\r\n                <p >Caputo-Expertises \u00e8 uno studio specializzato nella valutazione di immobili e propriet\u00e0 commerciali per privati, commercianti, aziende e istituzioni.<\/p>\r\n            <\/div>\r\n\r\n            <div  class=\"col-sm-6 col-md-3\">\r\n                <h4  class=\"footer-title\">Ore<\/h4>\r\n                <p >Dal luned\u00ec al venerd\u00ec: dalle 08:00 alle 12:00 e dalle 14:00 alle 18:00.<\/p>\r\n                <p ><br >Sabato: 08:00 \u2013 12:00 e 14:00 \u2013 18:00<\/p>\r\n            <\/div>\r\n\r\n            <div  class=\"col-sm-6 col-md-3\">\r\n                <h4  class=\"footer-title\">Informazioni sull\u2019indirizzo<\/h4>\r\n                <p ><i  class=\"fa fa-address-card\"><\/i>  1173 Vieux Chemin de Cagnes, 06610 La Gaude<\/p>\r\n                <p ><i  class=\"fa fa-phone\"><\/i> <a  class=\"link\" href=\"tel:\/\/+33669183510\" style=\"color: #ffffff;\">+33 (0)6 69 18 35 10<\/a><\/p>\r\n                <p ><i  class=\"fa fa-envelope\"><\/i> <a  href=\"mailto:contact@caputo-expertises.com\" style=\"color: #ffffff;\">contact@caputo-expertises.com<\/a><\/p>\r\n            <\/div>\r\n\r\n            <div  class=\"col-sm-6 col-md-3\">\r\n                <h4  class=\"footer-title\">Mappa<\/h4>\r\n                <iframe  width=\"100%\" height=\"200\" style=\"border: 0;\" loading=\"lazy\" src=\"https:\/\/www.google.com\/maps\/embed?pb=!1m18!1m12!1m3!1d2884.1887595278217!2d7.145542715499469!3d43.706626179119475!2m3!1f0!2f0!3f0!3m2!1i1024!2i768!4f13.1!3m3!1m2!1s0x12cdd26f48adb477%3A0x53d8917b73289898!2s1173+Vieux+Chemin+de+Cagnes+%C3%A0+La+Gaude%2C+06610+La+Gaude!5e0!3m2!1sen!2sfr!4v1538600712807\" frameborder=\"0\" allowfullscreen=\"allowfullscreen\"><\/iframe>\r\n            <\/div>\r\n\r\n            <div  class=\"col-sm-6 col-md-3\" style=\"text-align: center;\">\r\n                <img  decoding=\"async\" src=\"https:\/\/caputo-expertises.com\/wp-content\/uploads\/2024\/10\/logo_membre_college_experts_immobiliers_cmjn_hd.jpg\" alt=\"Logo 1\" style=\"max-width: 100%; height: auto; margin-bottom: 10px;\">\r\n                <img  decoding=\"async\" src=\"https:\/\/caputo-expertises.com\/wp-content\/uploads\/2018\/06\/logo_seim_NB-02_blanc-e1735739513591.jpg\" alt=\"Logo 2\" style=\"max-width: 100%; height: auto;\">\r\n            <\/div>\r\n\r\n        <\/div>\r\n    <\/div>\r\n<\/footer>  ","protected":false},"excerpt":{"rendered":"<p>Le ultime notizie Sotto si trovano articoli degni di nota sulla nostra professione. Poich\u00e9 questi articoli citano leggi francesi, sono scritti in francese. TUTTE LE NOSTRE NEWS Chi siamo Caputo-Expertises \u00e8 uno studio specializzato nella valutazione di immobili e propriet\u00e0 commerciali per privati, commercianti, aziende e istituzioni. Ore Dal luned\u00ec al venerd\u00ec: dalle 08:00 alle&hellip; <br \/> <a class=\"read-more\" href=\"https:\/\/caputo-expertises.com\/it\/attualita\/\">Read more<\/a><\/p>\n","protected":false},"author":1,"featured_media":0,"parent":0,"menu_order":0,"comment_status":"closed","ping_status":"closed","template":"pro\/page-templates\/page-with-small-header.php","meta":{"footnotes":""},"class_list":["post-1041","page","type-page","status-publish","hentry"],"yoast_head":"<!-- This site is optimized with the Yoast SEO plugin v26.9 - https:\/\/yoast.com\/product\/yoast-seo-wordpress\/ -->\n<title>Attualit\u00e0 - Studio Caputo Expertises<\/title>\n<meta name=\"description\" content=\"Lo studio Caputo Expertises si tiene informato sulle principali riforme legate alla sua professione - Perito immobiliare - Nizza, Alpi Marittime, Var, PACA.\" \/>\n<meta name=\"robots\" content=\"index, follow, max-snippet:-1, max-image-preview:large, max-video-preview:-1\" \/>\n<link rel=\"canonical\" href=\"https:\/\/caputo-expertises.com\/it\/attualita\/\" \/>\n<meta property=\"og:locale\" content=\"it_IT\" \/>\n<meta property=\"og:type\" content=\"article\" \/>\n<meta property=\"og:title\" content=\"Attualit\u00e0 - Studio Caputo Expertises\" \/>\n<meta property=\"og:description\" content=\"Lo studio Caputo Expertises si tiene informato sulle principali riforme legate alla sua professione - Perito immobiliare - Nizza, Alpi Marittime, Var, PACA.\" \/>\n<meta property=\"og:url\" content=\"https:\/\/caputo-expertises.com\/it\/attualita\/\" \/>\n<meta property=\"og:site_name\" content=\"caputo-expertises\" \/>\n<meta property=\"article:modified_time\" content=\"2024-12-31T15:57:55+00:00\" \/>\n<meta property=\"og:image\" content=\"https:\/\/caputo-expertises.com\/wp-content\/uploads\/2024\/10\/logo_membre_college_experts_immobiliers_cmjn_hd.jpg\" \/>\n<meta name=\"twitter:card\" content=\"summary_large_image\" \/>\n<script type=\"application\/ld+json\" class=\"yoast-schema-graph\">{\"@context\":\"https:\/\/schema.org\",\"@graph\":[{\"@type\":\"WebPage\",\"@id\":\"https:\/\/caputo-expertises.com\/it\/attualita\/\",\"url\":\"https:\/\/caputo-expertises.com\/it\/attualita\/\",\"name\":\"Attualit\u00e0 - Studio Caputo Expertises\",\"isPartOf\":{\"@id\":\"https:\/\/caputo-expertises.com\/it\/#website\"},\"primaryImageOfPage\":{\"@id\":\"https:\/\/caputo-expertises.com\/it\/attualita\/#primaryimage\"},\"image\":{\"@id\":\"https:\/\/caputo-expertises.com\/it\/attualita\/#primaryimage\"},\"thumbnailUrl\":\"https:\/\/caputo-expertises.com\/wp-content\/uploads\/2024\/10\/logo_membre_college_experts_immobiliers_cmjn_hd.jpg\",\"datePublished\":\"2021-04-23T22:47:48+00:00\",\"dateModified\":\"2024-12-31T15:57:55+00:00\",\"description\":\"Lo studio Caputo Expertises si tiene informato sulle principali riforme legate alla sua professione - Perito immobiliare - Nizza, Alpi Marittime, Var, PACA.\",\"breadcrumb\":{\"@id\":\"https:\/\/caputo-expertises.com\/it\/attualita\/#breadcrumb\"},\"inLanguage\":\"it-IT\",\"potentialAction\":[{\"@type\":\"ReadAction\",\"target\":[\"https:\/\/caputo-expertises.com\/it\/attualita\/\"]}]},{\"@type\":\"ImageObject\",\"inLanguage\":\"it-IT\",\"@id\":\"https:\/\/caputo-expertises.com\/it\/attualita\/#primaryimage\",\"url\":\"https:\/\/caputo-expertises.com\/wp-content\/uploads\/2024\/10\/logo_membre_college_experts_immobiliers_cmjn_hd.jpg\",\"contentUrl\":\"https:\/\/caputo-expertises.com\/wp-content\/uploads\/2024\/10\/logo_membre_college_experts_immobiliers_cmjn_hd.jpg\"},{\"@type\":\"BreadcrumbList\",\"@id\":\"https:\/\/caputo-expertises.com\/it\/attualita\/#breadcrumb\",\"itemListElement\":[{\"@type\":\"ListItem\",\"position\":1,\"name\":\"Accueil\",\"item\":\"https:\/\/caputo-expertises.com\/it\/\"},{\"@type\":\"ListItem\",\"position\":2,\"name\":\"Attualit\u00e0\"}]},{\"@type\":\"WebSite\",\"@id\":\"https:\/\/caputo-expertises.com\/it\/#website\",\"url\":\"https:\/\/caputo-expertises.com\/it\/\",\"name\":\"Caputo Expertises\",\"description\":\"\",\"publisher\":{\"@id\":\"https:\/\/caputo-expertises.com\/it\/#organization\"},\"potentialAction\":[{\"@type\":\"SearchAction\",\"target\":{\"@type\":\"EntryPoint\",\"urlTemplate\":\"https:\/\/caputo-expertises.com\/it\/?s={search_term_string}\"},\"query-input\":{\"@type\":\"PropertyValueSpecification\",\"valueRequired\":true,\"valueName\":\"search_term_string\"}}],\"inLanguage\":\"it-IT\"},{\"@type\":\"Organization\",\"@id\":\"https:\/\/caputo-expertises.com\/it\/#organization\",\"name\":\"CAPUTO-EXPERTISES\",\"url\":\"https:\/\/caputo-expertises.com\/it\/\",\"logo\":{\"@type\":\"ImageObject\",\"inLanguage\":\"it-IT\",\"@id\":\"https:\/\/caputo-expertises.com\/it\/#\/schema\/logo\/image\/\",\"url\":\"https:\/\/caputo-expertises.com\/wp-content\/uploads\/2018\/10\/Logo_caputo_expertises_transparent-1.png\",\"contentUrl\":\"https:\/\/caputo-expertises.com\/wp-content\/uploads\/2018\/10\/Logo_caputo_expertises_transparent-1.png\",\"width\":5712,\"height\":5288,\"caption\":\"CAPUTO-EXPERTISES\"},\"image\":{\"@id\":\"https:\/\/caputo-expertises.com\/it\/#\/schema\/logo\/image\/\"},\"sameAs\":[\"https:\/\/fr.linkedin.com\/in\/patrick-caputo-957053159\"]}]}<\/script>\n<!-- \/ Yoast SEO plugin. -->","yoast_head_json":{"title":"Attualit\u00e0 - Studio Caputo Expertises","description":"Lo studio Caputo Expertises si tiene informato sulle principali riforme legate alla sua professione - Perito immobiliare - Nizza, Alpi Marittime, Var, PACA.","robots":{"index":"index","follow":"follow","max-snippet":"max-snippet:-1","max-image-preview":"max-image-preview:large","max-video-preview":"max-video-preview:-1"},"canonical":"https:\/\/caputo-expertises.com\/it\/attualita\/","og_locale":"it_IT","og_type":"article","og_title":"Attualit\u00e0 - Studio Caputo Expertises","og_description":"Lo studio Caputo Expertises si tiene informato sulle principali riforme legate alla sua professione - Perito immobiliare - Nizza, Alpi Marittime, Var, PACA.","og_url":"https:\/\/caputo-expertises.com\/it\/attualita\/","og_site_name":"caputo-expertises","article_modified_time":"2024-12-31T15:57:55+00:00","og_image":[{"url":"https:\/\/caputo-expertises.com\/wp-content\/uploads\/2024\/10\/logo_membre_college_experts_immobiliers_cmjn_hd.jpg","type":"","width":"","height":""}],"twitter_card":"summary_large_image","schema":{"@context":"https:\/\/schema.org","@graph":[{"@type":"WebPage","@id":"https:\/\/caputo-expertises.com\/it\/attualita\/","url":"https:\/\/caputo-expertises.com\/it\/attualita\/","name":"Attualit\u00e0 - Studio Caputo Expertises","isPartOf":{"@id":"https:\/\/caputo-expertises.com\/it\/#website"},"primaryImageOfPage":{"@id":"https:\/\/caputo-expertises.com\/it\/attualita\/#primaryimage"},"image":{"@id":"https:\/\/caputo-expertises.com\/it\/attualita\/#primaryimage"},"thumbnailUrl":"https:\/\/caputo-expertises.com\/wp-content\/uploads\/2024\/10\/logo_membre_college_experts_immobiliers_cmjn_hd.jpg","datePublished":"2021-04-23T22:47:48+00:00","dateModified":"2024-12-31T15:57:55+00:00","description":"Lo studio Caputo Expertises si tiene informato sulle principali riforme legate alla sua professione - Perito immobiliare - Nizza, Alpi Marittime, Var, PACA.","breadcrumb":{"@id":"https:\/\/caputo-expertises.com\/it\/attualita\/#breadcrumb"},"inLanguage":"it-IT","potentialAction":[{"@type":"ReadAction","target":["https:\/\/caputo-expertises.com\/it\/attualita\/"]}]},{"@type":"ImageObject","inLanguage":"it-IT","@id":"https:\/\/caputo-expertises.com\/it\/attualita\/#primaryimage","url":"https:\/\/caputo-expertises.com\/wp-content\/uploads\/2024\/10\/logo_membre_college_experts_immobiliers_cmjn_hd.jpg","contentUrl":"https:\/\/caputo-expertises.com\/wp-content\/uploads\/2024\/10\/logo_membre_college_experts_immobiliers_cmjn_hd.jpg"},{"@type":"BreadcrumbList","@id":"https:\/\/caputo-expertises.com\/it\/attualita\/#breadcrumb","itemListElement":[{"@type":"ListItem","position":1,"name":"Accueil","item":"https:\/\/caputo-expertises.com\/it\/"},{"@type":"ListItem","position":2,"name":"Attualit\u00e0"}]},{"@type":"WebSite","@id":"https:\/\/caputo-expertises.com\/it\/#website","url":"https:\/\/caputo-expertises.com\/it\/","name":"Caputo Expertises","description":"","publisher":{"@id":"https:\/\/caputo-expertises.com\/it\/#organization"},"potentialAction":[{"@type":"SearchAction","target":{"@type":"EntryPoint","urlTemplate":"https:\/\/caputo-expertises.com\/it\/?s={search_term_string}"},"query-input":{"@type":"PropertyValueSpecification","valueRequired":true,"valueName":"search_term_string"}}],"inLanguage":"it-IT"},{"@type":"Organization","@id":"https:\/\/caputo-expertises.com\/it\/#organization","name":"CAPUTO-EXPERTISES","url":"https:\/\/caputo-expertises.com\/it\/","logo":{"@type":"ImageObject","inLanguage":"it-IT","@id":"https:\/\/caputo-expertises.com\/it\/#\/schema\/logo\/image\/","url":"https:\/\/caputo-expertises.com\/wp-content\/uploads\/2018\/10\/Logo_caputo_expertises_transparent-1.png","contentUrl":"https:\/\/caputo-expertises.com\/wp-content\/uploads\/2018\/10\/Logo_caputo_expertises_transparent-1.png","width":5712,"height":5288,"caption":"CAPUTO-EXPERTISES"},"image":{"@id":"https:\/\/caputo-expertises.com\/it\/#\/schema\/logo\/image\/"},"sameAs":["https:\/\/fr.linkedin.com\/in\/patrick-caputo-957053159"]}]}},"_links":{"self":[{"href":"https:\/\/caputo-expertises.com\/it\/wp-json\/wp\/v2\/pages\/1041","targetHints":{"allow":["GET"]}}],"collection":[{"href":"https:\/\/caputo-expertises.com\/it\/wp-json\/wp\/v2\/pages"}],"about":[{"href":"https:\/\/caputo-expertises.com\/it\/wp-json\/wp\/v2\/types\/page"}],"author":[{"embeddable":true,"href":"https:\/\/caputo-expertises.com\/it\/wp-json\/wp\/v2\/users\/1"}],"replies":[{"embeddable":true,"href":"https:\/\/caputo-expertises.com\/it\/wp-json\/wp\/v2\/comments?post=1041"}],"version-history":[{"count":6,"href":"https:\/\/caputo-expertises.com\/it\/wp-json\/wp\/v2\/pages\/1041\/revisions"}],"predecessor-version":[{"id":1407,"href":"https:\/\/caputo-expertises.com\/it\/wp-json\/wp\/v2\/pages\/1041\/revisions\/1407"}],"wp:attachment":[{"href":"https:\/\/caputo-expertises.com\/it\/wp-json\/wp\/v2\/media?parent=1041"}],"curies":[{"name":"wp","href":"https:\/\/api.w.org\/{rel}","templated":true}]}}