{"id":804,"date":"2021-04-17T20:10:51","date_gmt":"2021-04-17T18:10:51","guid":{"rendered":"https:\/\/caputo-expertises.com\/pagina-di-esempio\/"},"modified":"2021-04-18T00:08:41","modified_gmt":"2021-04-17T22:08:41","slug":"pagina-di-esempio","status":"publish","type":"page","link":"https:\/\/caputo-expertises.com\/it\/pagina-di-esempio\/","title":{"rendered":"Pagina di esempio"},"content":{"rendered":"<p>Ecco una pagina di esempio. \u00c8 diverso da un post di un blog, in quanto rimarr\u00e0 nello stesso posto e apparir\u00e0 nel menu di navigazione del tuo sito (a seconda del tema). La maggior parte delle persone inizia scrivendo una pagina &#8220;Informazioni&#8221; che le presenta ai potenziali visitatori del sito. Potresti scrivere qualcosa del genere:<\/p>\n<blockquote><p>Buongiorno ! Sono un meccanico che aspira a fare l&#8217;attore, e questo \u00e8 il mio blog. Vivo a Bordeaux, ho un ottimo cane di nome Russell e adoro la vodka all&#8217;ananas (oltre a sprecare il mio tempo a guardare la pioggia che cade).<\/p><\/blockquote>\n<p>&#8230; o qualcosa del genere:<\/p>\n<blockquote><p>L&#8217;azienda 123 Machin Truc \u00e8 stata creata nel 1971 e da quell&#8217;anno ha continuato a offrire al pubblico materiale di qualit\u00e0. Situato a Saint-Remy-en-Bouzemont-Saint-Genest-et-Isson, 123 Machin Truc impiega 2.000 persone e produce tutti i tipi di fantastici gadget per la comunit\u00e0 Bouzemont.<\/p><\/blockquote>\n<p>Dato che sei un nuovo utente di WordPress, dovresti andare al tuo<a href=\"https:\/\/caputo-expertises.com\/wp-admin\/\"> pannello di controllo<\/a> per eliminare questa pagina e creare nuove pagine con i tuoi contenuti. Divertiti !<\/p>\n","protected":false},"excerpt":{"rendered":"<p>Ecco una pagina di esempio. \u00c8 diverso da un post di un blog, in quanto rimarr\u00e0 nello stesso posto e apparir\u00e0 nel menu di navigazione del tuo sito (a seconda del tema). La maggior parte delle persone inizia scrivendo una pagina &#8220;Informazioni&#8221; che le presenta ai potenziali visitatori del sito. Potresti scrivere qualcosa del genere:&hellip; <br \/> <a class=\"read-more\" href=\"https:\/\/caputo-expertises.com\/it\/pagina-di-esempio\/\">Read more<\/a><\/p>\n","protected":false},"author":1,"featured_media":0,"parent":0,"menu_order":0,"comment_status":"closed","ping_status":"open","template":"","meta":{"footnotes":""},"class_list":["post-804","page","type-page","status-publish","hentry"],"yoast_head":"<!-- This site is optimized with the Yoast SEO plugin v26.9 - https:\/\/yoast.com\/product\/yoast-seo-wordpress\/ -->\n<title>Pagina di esempio - caputo-expertises<\/title>\n<meta name=\"robots\" content=\"index, follow, max-snippet:-1, max-image-preview:large, max-video-preview:-1\" \/>\n<link rel=\"canonical\" href=\"https:\/\/caputo-expertises.com\/it\/pagina-di-esempio\/\" \/>\n<meta property=\"og:locale\" content=\"it_IT\" \/>\n<meta property=\"og:type\" content=\"article\" \/>\n<meta property=\"og:title\" content=\"Pagina di esempio - caputo-expertises\" \/>\n<meta property=\"og:description\" content=\"Ecco una pagina di esempio. \u00c8 diverso da un post di un blog, in quanto rimarr\u00e0 nello stesso posto e apparir\u00e0 nel menu di navigazione del tuo sito (a seconda del tema). La maggior parte delle persone inizia scrivendo una pagina &#8220;Informazioni&#8221; che le presenta ai potenziali visitatori del sito. Potresti scrivere qualcosa del genere:&hellip; Read more\" \/>\n<meta property=\"og:url\" content=\"https:\/\/caputo-expertises.com\/it\/pagina-di-esempio\/\" \/>\n<meta property=\"og:site_name\" content=\"caputo-expertises\" \/>\n<meta property=\"article:modified_time\" content=\"2021-04-17T22:08:41+00:00\" \/>\n<meta name=\"twitter:card\" content=\"summary_large_image\" \/>\n<meta name=\"twitter:label1\" content=\"Tempo di lettura stimato\" \/>\n\t<meta name=\"twitter:data1\" content=\"1 minuto\" \/>\n<script type=\"application\/ld+json\" class=\"yoast-schema-graph\">{\"@context\":\"https:\/\/schema.org\",\"@graph\":[{\"@type\":\"WebPage\",\"@id\":\"https:\/\/caputo-expertises.com\/it\/pagina-di-esempio\/\",\"url\":\"https:\/\/caputo-expertises.com\/it\/pagina-di-esempio\/\",\"name\":\"Pagina di esempio - caputo-expertises\",\"isPartOf\":{\"@id\":\"https:\/\/caputo-expertises.com\/it\/#website\"},\"datePublished\":\"2021-04-17T18:10:51+00:00\",\"dateModified\":\"2021-04-17T22:08:41+00:00\",\"breadcrumb\":{\"@id\":\"https:\/\/caputo-expertises.com\/it\/pagina-di-esempio\/#breadcrumb\"},\"inLanguage\":\"it-IT\",\"potentialAction\":[{\"@type\":\"ReadAction\",\"target\":[\"https:\/\/caputo-expertises.com\/it\/pagina-di-esempio\/\"]}]},{\"@type\":\"BreadcrumbList\",\"@id\":\"https:\/\/caputo-expertises.com\/it\/pagina-di-esempio\/#breadcrumb\",\"itemListElement\":[{\"@type\":\"ListItem\",\"position\":1,\"name\":\"Accueil\",\"item\":\"https:\/\/caputo-expertises.com\/it\/\"},{\"@type\":\"ListItem\",\"position\":2,\"name\":\"Pagina di esempio\"}]},{\"@type\":\"WebSite\",\"@id\":\"https:\/\/caputo-expertises.com\/it\/#website\",\"url\":\"https:\/\/caputo-expertises.com\/it\/\",\"name\":\"Caputo Expertises\",\"description\":\"\",\"publisher\":{\"@id\":\"https:\/\/caputo-expertises.com\/it\/#organization\"},\"potentialAction\":[{\"@type\":\"SearchAction\",\"target\":{\"@type\":\"EntryPoint\",\"urlTemplate\":\"https:\/\/caputo-expertises.com\/it\/?s={search_term_string}\"},\"query-input\":{\"@type\":\"PropertyValueSpecification\",\"valueRequired\":true,\"valueName\":\"search_term_string\"}}],\"inLanguage\":\"it-IT\"},{\"@type\":\"Organization\",\"@id\":\"https:\/\/caputo-expertises.com\/it\/#organization\",\"name\":\"CAPUTO-EXPERTISES\",\"url\":\"https:\/\/caputo-expertises.com\/it\/\",\"logo\":{\"@type\":\"ImageObject\",\"inLanguage\":\"it-IT\",\"@id\":\"https:\/\/caputo-expertises.com\/it\/#\/schema\/logo\/image\/\",\"url\":\"https:\/\/caputo-expertises.com\/wp-content\/uploads\/2018\/10\/Logo_caputo_expertises_transparent-1.png\",\"contentUrl\":\"https:\/\/caputo-expertises.com\/wp-content\/uploads\/2018\/10\/Logo_caputo_expertises_transparent-1.png\",\"width\":5712,\"height\":5288,\"caption\":\"CAPUTO-EXPERTISES\"},\"image\":{\"@id\":\"https:\/\/caputo-expertises.com\/it\/#\/schema\/logo\/image\/\"},\"sameAs\":[\"https:\/\/fr.linkedin.com\/in\/patrick-caputo-957053159\"]}]}<\/script>\n<!-- \/ Yoast SEO plugin. -->","yoast_head_json":{"title":"Pagina di esempio - caputo-expertises","robots":{"index":"index","follow":"follow","max-snippet":"max-snippet:-1","max-image-preview":"max-image-preview:large","max-video-preview":"max-video-preview:-1"},"canonical":"https:\/\/caputo-expertises.com\/it\/pagina-di-esempio\/","og_locale":"it_IT","og_type":"article","og_title":"Pagina di esempio - caputo-expertises","og_description":"Ecco una pagina di esempio. \u00c8 diverso da un post di un blog, in quanto rimarr\u00e0 nello stesso posto e apparir\u00e0 nel menu di navigazione del tuo sito (a seconda del tema). La maggior parte delle persone inizia scrivendo una pagina &#8220;Informazioni&#8221; che le presenta ai potenziali visitatori del sito. Potresti scrivere qualcosa del genere:&hellip; Read more","og_url":"https:\/\/caputo-expertises.com\/it\/pagina-di-esempio\/","og_site_name":"caputo-expertises","article_modified_time":"2021-04-17T22:08:41+00:00","twitter_card":"summary_large_image","twitter_misc":{"Tempo di lettura stimato":"1 minuto"},"schema":{"@context":"https:\/\/schema.org","@graph":[{"@type":"WebPage","@id":"https:\/\/caputo-expertises.com\/it\/pagina-di-esempio\/","url":"https:\/\/caputo-expertises.com\/it\/pagina-di-esempio\/","name":"Pagina di esempio - caputo-expertises","isPartOf":{"@id":"https:\/\/caputo-expertises.com\/it\/#website"},"datePublished":"2021-04-17T18:10:51+00:00","dateModified":"2021-04-17T22:08:41+00:00","breadcrumb":{"@id":"https:\/\/caputo-expertises.com\/it\/pagina-di-esempio\/#breadcrumb"},"inLanguage":"it-IT","potentialAction":[{"@type":"ReadAction","target":["https:\/\/caputo-expertises.com\/it\/pagina-di-esempio\/"]}]},{"@type":"BreadcrumbList","@id":"https:\/\/caputo-expertises.com\/it\/pagina-di-esempio\/#breadcrumb","itemListElement":[{"@type":"ListItem","position":1,"name":"Accueil","item":"https:\/\/caputo-expertises.com\/it\/"},{"@type":"ListItem","position":2,"name":"Pagina di esempio"}]},{"@type":"WebSite","@id":"https:\/\/caputo-expertises.com\/it\/#website","url":"https:\/\/caputo-expertises.com\/it\/","name":"Caputo Expertises","description":"","publisher":{"@id":"https:\/\/caputo-expertises.com\/it\/#organization"},"potentialAction":[{"@type":"SearchAction","target":{"@type":"EntryPoint","urlTemplate":"https:\/\/caputo-expertises.com\/it\/?s={search_term_string}"},"query-input":{"@type":"PropertyValueSpecification","valueRequired":true,"valueName":"search_term_string"}}],"inLanguage":"it-IT"},{"@type":"Organization","@id":"https:\/\/caputo-expertises.com\/it\/#organization","name":"CAPUTO-EXPERTISES","url":"https:\/\/caputo-expertises.com\/it\/","logo":{"@type":"ImageObject","inLanguage":"it-IT","@id":"https:\/\/caputo-expertises.com\/it\/#\/schema\/logo\/image\/","url":"https:\/\/caputo-expertises.com\/wp-content\/uploads\/2018\/10\/Logo_caputo_expertises_transparent-1.png","contentUrl":"https:\/\/caputo-expertises.com\/wp-content\/uploads\/2018\/10\/Logo_caputo_expertises_transparent-1.png","width":5712,"height":5288,"caption":"CAPUTO-EXPERTISES"},"image":{"@id":"https:\/\/caputo-expertises.com\/it\/#\/schema\/logo\/image\/"},"sameAs":["https:\/\/fr.linkedin.com\/in\/patrick-caputo-957053159"]}]}},"_links":{"self":[{"href":"https:\/\/caputo-expertises.com\/it\/wp-json\/wp\/v2\/pages\/804","targetHints":{"allow":["GET"]}}],"collection":[{"href":"https:\/\/caputo-expertises.com\/it\/wp-json\/wp\/v2\/pages"}],"about":[{"href":"https:\/\/caputo-expertises.com\/it\/wp-json\/wp\/v2\/types\/page"}],"author":[{"embeddable":true,"href":"https:\/\/caputo-expertises.com\/it\/wp-json\/wp\/v2\/users\/1"}],"replies":[{"embeddable":true,"href":"https:\/\/caputo-expertises.com\/it\/wp-json\/wp\/v2\/comments?post=804"}],"version-history":[{"count":1,"href":"https:\/\/caputo-expertises.com\/it\/wp-json\/wp\/v2\/pages\/804\/revisions"}],"predecessor-version":[{"id":926,"href":"https:\/\/caputo-expertises.com\/it\/wp-json\/wp\/v2\/pages\/804\/revisions\/926"}],"wp:attachment":[{"href":"https:\/\/caputo-expertises.com\/it\/wp-json\/wp\/v2\/media?parent=804"}],"curies":[{"name":"wp","href":"https:\/\/api.w.org\/{rel}","templated":true}]}}