{"id":830,"date":"2021-04-17T22:12:11","date_gmt":"2021-04-17T20:12:11","guid":{"rendered":"https:\/\/caputo-expertises.com\/le-nostre-attivita\/"},"modified":"2024-12-31T16:55:47","modified_gmt":"2024-12-31T15:55:47","slug":"le-attivita","status":"publish","type":"page","link":"https:\/\/caputo-expertises.com\/it\/le-attivita\/","title":{"rendered":"Le nostre attivit\u00e0"},"content":{"rendered":"<div  data-label=\"Content\" data-id=\"content-1\" data-export-id=\"content-7\" data-category=\"content\" class=\"content-7 content-section content-section-spacing\" id=\"content-1\" style=\"background-color: #ffffff; background-image: none;\">\r\n<div  class=\"gridContainer\">\r\n<div  class=\"row middle-sm\">\r\n<div  class=\"col-sm-6 space-bottom-xs\" data-type=\"column\">\r\n<h2  class=\"\">Le nostre attivit\u00e0<\/h2>\r\n<p  class=\"\">Il perito immobiliare \u00e8 un professionista indipendente il cui compito \u00e8 definire in tutta imparzialit\u00e0 e con precisione il valore di immobili, imprese o societ\u00e0.\r\n\r\n<br ><br >\r\n\r\nLa sua conoscenza del mercato immobiliare locale gli consente di stabilire riferimenti per determinare il valore di mercato o il valore locativo di un immobile residenziale, agricolo e forestale, ufficio, tempo libero, attivit\u00e0 commerciale, artigianato o bene industriale.\r\n\r\n<br >\r\n<br >Il perito immobiliare interviene generalmente su richiesta di una persona fisica, di una societ\u00e0, di un notaio, di un avvocato, di una banca o di una compagnia di assicurazioni in occasione di un\u2019operazione di compravendita, acquisto, successione, divorzio, compartimentazione, adeguamento fiscale, contributo societario, sinistri ,\u2026.<\/p>\r\n\r\n<\/div>\r\n<div  class=\"col-sm-6\" data-type=\"column\"><img decoding=\"async\"  class=\"shadow-large\" src=\"https:\/\/caputo-expertises.com\/wp-content\/uploads\/2018\/06\/rapport_image.jpg\"><\/div>\r\n<\/div>\r\n<\/div>\r\n<\/div><div  data-label=\"Features\" data-id=\"features-12-card-bordered-undefined\" data-export-id=\"features-12-card-bordered\" data-category=\"features\" class=\"features-12-card-bordered content-section content-section-spacing \" id=\"features-3\" style=\"background-color: #f5fafd;\">\r\n<div  class=\"gridContainer\">\r\n<div  class=\"row text-center\">\r\n<div  class=\"section-title-col\" data-type=\"column\">\r\n<h2  class=\"\">L\u2019esperto immobiliare \u00e8 competente in materia di:<\/h2>\r\n<\/div>\r\n<\/div>\r\n<div  class=\"row spaced-cols center-sm\" data-type=\"row\">\r\n<div  class=\"col-sm-6\">\r\n<div  class=\"card row-card bordered y-move\">\r\n<div  class=\"row\">\r\n<div  class=\"col-sm-fit icon-column\"><i  class=\"fa icon fa-line-chart bordered round color2\"> <\/i><\/div>\r\n<div  class=\"col-sm\" data-type=\"column\">\r\n<h5  class=\"color2\">EREDIT\u00c0<\/h5>\r\n<p  class=\"\">Valutazione immobiliare del tuo immobile: \r\n<br >\u2013 In caso di eredit\u00e0, divorzio, divisione o donazione<br >\u2013 Al fine di assicurarlo al suo valore equo<br >\u2013 Conoscere il tuo valore al momento dell\u2019acquisto o della vendita<\/p>\r\n\r\n<\/div>\r\n<\/div>\r\n<\/div>\r\n<\/div>\r\n<div  class=\"col-sm-6\">\r\n<div  class=\"card row-card bordered y-move\">\r\n<div  class=\"row\">\r\n<div  class=\"col-sm-fit icon-column\"><i  class=\"fa icon fa-bank bordered round color2\"> <\/i><\/div>\r\n<div  class=\"col-sm\" data-type=\"column\">\r\n<h5  class=\"color2\">FINANZIAMENTO<\/h5>\r\n<p  class=\"\">Perizia immobiliare del tuo immobile di volta in volta:\r\n\r\n\r\n\r\n<br >\u2013 Prestiti bancari o prestiti ponte<br >\u2013 Rifinanziamento\r\n<br >\u2013 Vendita amichevole in caso di pignoramento<\/p>\r\n\r\n<\/div>\r\n<\/div>\r\n<\/div>\r\n<\/div>\r\n<div  class=\"col-sm-6\">\r\n<div  class=\"card row-card bordered y-move\">\r\n<div  class=\"row\">\r\n<div  class=\"col-sm-fit icon-column\"><i  class=\"fa icon fa-building bordered round color2\"> <\/i><\/div>\r\n<div  class=\"col-sm\" data-type=\"column\">\r\n<h5  class=\"color2\">AFFITO COMMERCIALE E AFFARI<\/h5>\r\n<p  class=\"\">\u2013 Valutazione di pareti commerciali<br >\u2013 Calcolo dello spazio commerciale, revisione degli affitti<br >\u2013 Determinazione del risarcimento per sfratto o esproprio<\/p>\r\n\r\n<\/div>\r\n<\/div>\r\n<\/div>\r\n<\/div>\r\n<div  class=\"col-sm-6\">\r\n<div  class=\"card row-card bordered y-move\">\r\n<div  class=\"row\">\r\n<div  class=\"col-sm-fit icon-column\"><i  class=\"fa icon fa-database round bordered color2\"> <\/i><\/div>\r\n<div  class=\"col-sm\" data-type=\"column\">\r\n<h5  class=\"color2\">TASSAZIONE<\/h5>\r\n<p  class=\"\">\u2013 Valutazione immobili per dichiarazioni IFI (Imposta sulla fortuna immobiliare)<br >\u2013 Istituzione o verifica di superfici immobiliari<\/p>\r\n\r\n<\/div>\r\n<\/div>\r\n<\/div>\r\n<\/div>\r\n<div  class=\"col-sm-6\">\r\n<div  class=\"card row-card bordered y-move\">\r\n<div  class=\"row\">\r\n<div  class=\"col-sm-fit icon-column\"><i  class=\"fa icon fa-area-chart bordered round color2\"> <\/i><\/div>\r\n<div  class=\"col-sm\" data-type=\"column\">\r\n<h5  class=\"color2\">COMPETENZA QUINDICESIMA<\/h5>\r\n<p  class=\"\">\u2013 Stima annuale del patrimonio immobiliare di mutue e organizzazioni assicurative<\/p>\r\n\r\n<\/div>\r\n<\/div>\r\n<\/div>\r\n<\/div><\/div>\r\n<\/div>\r\n<\/div><div  data-label=\"Overlappable\" data-id=\"overlappable--1\" data-export-id=\"overlappable-1\" data-category=\"overlappable\" class=\"overlappable-1 content-section content-section-spacing content-relative\" data-overlap=\"true\" id=\"overlappable-1\" style=\"background-color: rgb(245, 250, 253); background-image: none;\"><div  class=\"gridContainer\"> <div  data-type=\"row\" class=\"row shadow-medium center-sm content-center-sm\"> <div  data-type=\"column\" class=\"col-xs-12 col-sm-4 flexcol bg-color2 col-padding col-padding-small-xs inverted\"><i  class=\"fa icon white fa-building-o color-black\"><\/i> <h5  class=\"inverted\">CONDOMINIO<\/h5> <p  class=\"\">Il perito immobiliare pratica importanti attivit\u00e0 nel campo del condominio.<\/p> <a class=\"button inverted color-white outline\" href=\"https:\/\/caputo-expertises.com\/it\/condominio\/\" target=\"_self\" data-cp-link=\"1\" data-icon=\"\" rel=\"noopener\">LEGGI TUTTO<\/a><\/div> <div  data-type=\"column\" class=\"col-xs-12 col-sm-4 flexcol bg-color6 col-padding col-padding-small-xs inverted\"><i  class=\"fa icon fa-book color3\"><\/i> <h5  class=\"inverted\">PERITA PER GLI ASSICURATI<\/h5> <p  class=\"\">Il nostro studio difende i vostri beni immobili e i vostri diritti in caso di sinistro.<\/p> <a class=\"button color3 outline\" href=\"https:\/\/caputo-expertises.com\/it\/perito-per-gli-assicurati\/\" target=\"_self\" data-cp-link=\"1\" data-icon=\"\" rel=\"noopener\">LEGGI TUTTO<\/a><\/div> <\/div><\/div> <div  class=\"section-separator-bottom\">\r\n    <svg  xmlns=\"http:\/\/www.w3.org\/2000\/svg\" viewBox=\"0 0 1000 100\" preserveAspectRatio=\"none\" data-separator-name=\"triangle-asymmetrical-negative\" class=\"section-separator-bottom\">\r\n\t<path  class=\"svg-white-bg\" d=\"M737.9,94.7L0,0v100h1000V0L737.9,94.7z\"><\/path>\r\n<\/svg>\r\n<\/div><\/div><div data-label=\"Content\" data-id=\"content--1\" data-export-id=\"content-8\" data-category=\"content\" class=\"content-8 content-section content-section-spacing\" id=\"content-2\"  style=\"background-color: rgb(245, 250, 253);\"><div class=\"gridContainer\" > <div class=\"row middle-sm\" ><div class=\"col-sm-6 space-bottom-xs space-top-xs\" data-type=\"column\" > <img decoding=\"async\" class=\"shadow-large\" src=\"https:\/\/caputo-expertises.com\/wp-content\/uploads\/2023\/01\/cropped-ifi.jpg\"  title=\"cropped-ifi.jpg\" alt=\"\"><\/div> <div class=\"col-sm-6\" data-type=\"column\" ><h2 class=\"\" >Imposta sulla ricchezza immobiliare: IFI<\/h2> <p class=\"\" >La dichiarazione del valore degli immobili \u00e8 di notevole importanza per la determinazione dell&#8217;IFI, l&#8217;Imposta sulla ricchezza immobiliare.\r\n<br ><br >\r\nStimare il proprio patrimonio immobiliare non \u00e8 una cosa semplice, soprattutto quando si deve compilare la dichiarazione dei redditi.\r\n<br ><br >\r\nUna stima troppo bassa pu\u00f2 portare a un adeguamento dell&#8217;imposta e, d&#8217;altro canto, una stima troppo alta porter\u00e0 a una tassazione eccessiva.\r\n<br ><br >\r\nLa difficolt\u00e0 principale per il contribuente \u00e8 quella di valutare i propri immobili al giusto prezzo il 1\u00b0 gennaio dell&#8217;anno in corso e non alla data di acquisizione.\r\n<br ><br >\r\nPer questo motivo \u00e8 importante effettuare una valutazione equa e obiettiva del proprio patrimonio immobiliare per poter effettuare una dichiarazione ottimizzata.\r\n<br ><br >\r\nSolo un perito immobiliare pu\u00f2 determinare il valore esatto del vostro immobile interessato da questa dichiarazione.\r\n<br >\r\n<br >\u00c8 un professionista che lavora in completa obiettivit\u00e0 e il cui rapporto pu\u00f2 essere utilizzato in tribunale.<\/p> <\/div> <\/div><\/div> <\/div><div  data-label=\"Features\" data-id=\"features-16\" data-export-id=\"features-16\" data-category=\"features\" class=\"features-16 content-section content-section-spacing\" id=\"features-9\" style=\"background-color: #ffffff;\">\r\n<div  class=\"gridContainer\">\r\n<div  class=\"row text-center\">\r\n<div  class=\"section-title-col\" data-type=\"column\">\r\n<h2  class=\"\">Le tipologie di merce che valutiamo:<\/h2>\r\n<\/div>\r\n<\/div>\r\n<div  class=\"row spaced-cols center-sm\" data-type=\"row\">\r\n<div  class=\"col-xs-12 col-sm-6 col-md-4 space-bottom\">\r\n\r\n<img decoding=\"async\"  class=\"face\" src=\"https:\/\/caputo-expertises.com\/wp-content\/uploads\/2018\/06\/cropped-maison_luberon-2.jpg\">\r\n<div  data-type=\"column\" class=\"col-padding-small col-padding-small-xs description-container\">\r\n<h4  class=\"font-500\">Immobiliare residenziale<\/h4>\r\n<p  class=\"\">Propriet\u00e0, case, terreni, appartamenti, edifici di investimento.<\/p>\r\n\r\n<\/div>\r\n<\/div>\r\n<div  class=\"col-xs-12 col-sm-6 col-md-4 space-bottom\">\r\n\r\n<img decoding=\"async\"  class=\"face\" src=\"https:\/\/caputo-expertises.com\/wp-content\/uploads\/2018\/06\/cropped-entrepot-11.jpg\">\r\n<div  data-type=\"column\" class=\"col-padding-small col-padding-small-xs description-container\">\r\n<h4  class=\"font-500\">Immobili commerciali e locali industriali<\/h4>\r\n<p  class=\"\">Officine, fabbriche, magazzini, uffici.<\/p>\r\n\r\n<\/div>\r\n<\/div>\r\n<div  class=\"col-xs-12 col-sm-6 col-md-4 space-bottom\">\r\n\r\n<img decoding=\"async\"  class=\"face\" src=\"https:\/\/caputo-expertises.com\/wp-content\/uploads\/2018\/06\/boutique.jpg\">\r\n<div  data-type=\"column\" class=\"col-padding-small col-padding-small-xs description-container\">\r\n<h4  class=\"font-500\">Immobile commerciale<\/h4>\r\n<p  class=\"\">Negozi, attivit\u00e0 commerciali.<\/p>\r\n\r\n<\/div>\r\n<\/div>\r\n<div  class=\"col-xs-12 col-sm-6 col-md-4 space-bottom\">\r\n\r\n<img decoding=\"async\"  class=\"face\" src=\"https:\/\/caputo-expertises.com\/wp-content\/uploads\/2021\/01\/cropped-Chateau-Cabinet-Caputo-Expertises-resized.jpg\" title=\"cropped-Chateau-Cabinet-Caputo-Expertises-resized.jpg\" alt=\"\">\r\n<div  data-type=\"column\" class=\"col-padding-small col-padding-small-xs description-container\">\r\n<h4  class=\"font-500\">Merce eccezionale<\/h4>\r\n<p  class=\"\">Castelli, hotel, propriet\u00e0 atipiche.<\/p>\r\n\r\n<\/div>\r\n<\/div><\/div>\r\n<\/div>\r\n<\/div>\r\n<footer  style=\"padding: 30px; background: #333333; color: #ffffff;\">\r\n    <div  class=\"gridContainer\" style=\"max-width: 1200px; margin: auto; padding: 30px 30px 20px;\">\r\n        <div  class=\"row spaced-cols\" style=\"display: flex; flex-wrap: wrap; justify-content: space-between;\">\r\n\r\n            <div  class=\"col-sm-6 col-md-3\">\r\n                <h4  class=\"footer-title\">Chi siamo<\/h4>\r\n                <p >Caputo-Expertises \u00e8 uno studio specializzato nella valutazione di immobili e propriet\u00e0 commerciali per privati, commercianti, aziende e istituzioni.<\/p>\r\n            <\/div>\r\n\r\n            <div  class=\"col-sm-6 col-md-3\">\r\n                <h4  class=\"footer-title\">Ore<\/h4>\r\n                <p >Dal luned\u00ec al venerd\u00ec: dalle 08:00 alle 12:00 e dalle 14:00 alle 18:00.<\/p>\r\n                <p ><br >Sabato: 08:00 \u2013 12:00 e 14:00 \u2013 18:00<\/p>\r\n            <\/div>\r\n\r\n            <div  class=\"col-sm-6 col-md-3\">\r\n                <h4  class=\"footer-title\">Informazioni sull\u2019indirizzo<\/h4>\r\n                <p ><i  class=\"fa fa-address-card\"><\/i>  1173 Vieux Chemin de Cagnes, 06610 La Gaude<\/p>\r\n                <p ><i  class=\"fa fa-phone\"><\/i> <a  class=\"link\" href=\"tel:\/\/+33669183510\" style=\"color: #ffffff;\">+33 (0)6 69 18 35 10<\/a><\/p>\r\n                <p ><i  class=\"fa fa-envelope\"><\/i> <a  href=\"mailto:contact@caputo-expertises.com\" style=\"color: #ffffff;\">contact@caputo-expertises.com<\/a><\/p>\r\n            <\/div>\r\n\r\n            <div  class=\"col-sm-6 col-md-3\">\r\n                <h4  class=\"footer-title\">Mappa<\/h4>\r\n                <iframe  width=\"100%\" height=\"200\" style=\"border: 0;\" loading=\"lazy\" src=\"https:\/\/www.google.com\/maps\/embed?pb=!1m18!1m12!1m3!1d2884.1887595278217!2d7.145542715499469!3d43.706626179119475!2m3!1f0!2f0!3f0!3m2!1i1024!2i768!4f13.1!3m3!1m2!1s0x12cdd26f48adb477%3A0x53d8917b73289898!2s1173+Vieux+Chemin+de+Cagnes+%C3%A0+La+Gaude%2C+06610+La+Gaude!5e0!3m2!1sen!2sfr!4v1538600712807\" frameborder=\"0\" allowfullscreen=\"allowfullscreen\"><\/iframe>\r\n            <\/div>\r\n\r\n            <div  class=\"col-sm-6 col-md-3\" style=\"text-align: center;\">\r\n                <img  decoding=\"async\" src=\"https:\/\/caputo-expertises.com\/wp-content\/uploads\/2024\/10\/logo_membre_college_experts_immobiliers_cmjn_hd.jpg\" alt=\"Logo 1\" style=\"max-width: 100%; height: auto; margin-bottom: 10px;\">\r\n                <img  decoding=\"async\" src=\"https:\/\/caputo-expertises.com\/wp-content\/uploads\/2018\/06\/logo_seim_NB-02_blanc-e1735739513591.jpg\" alt=\"Logo 2\" style=\"max-width: 100%; height: auto;\">\r\n            <\/div>\r\n\r\n        <\/div>\r\n    <\/div>\r\n<\/footer>  ","protected":false},"excerpt":{"rendered":"<p>Le nostre attivit\u00e0 Il perito immobiliare \u00e8 un professionista indipendente il cui compito \u00e8 definire in tutta imparzialit\u00e0 e con precisione il valore di immobili, imprese o societ\u00e0. La sua conoscenza del mercato immobiliare locale gli consente di stabilire riferimenti per determinare il valore di mercato o il valore locativo di un immobile residenziale, agricolo&hellip; <br \/> <a class=\"read-more\" href=\"https:\/\/caputo-expertises.com\/it\/le-attivita\/\">Read more<\/a><\/p>\n","protected":false},"author":1,"featured_media":0,"parent":0,"menu_order":0,"comment_status":"closed","ping_status":"closed","template":"pro\/page-templates\/page-with-small-header.php","meta":{"footnotes":""},"class_list":["post-830","page","type-page","status-publish","hentry"],"yoast_head":"<!-- This site is optimized with the Yoast SEO plugin v26.9 - https:\/\/yoast.com\/product\/yoast-seo-wordpress\/ -->\n<title>Le nostre attivit\u00e0 - Studio Caputo Expertises<\/title>\n<meta name=\"description\" content=\"Il Cabinet Caputo Expertises \u00e8 competente in materia di valutazione immobiliare e patrimonio, beni aziendali e mutui immobiliari.\" \/>\n<meta name=\"robots\" content=\"index, follow, max-snippet:-1, max-image-preview:large, max-video-preview:-1\" \/>\n<link rel=\"canonical\" href=\"https:\/\/caputo-expertises.com\/it\/le-attivita\/\" \/>\n<meta property=\"og:locale\" content=\"it_IT\" \/>\n<meta property=\"og:type\" content=\"article\" \/>\n<meta property=\"og:title\" content=\"Le nostre attivit\u00e0 - Studio Caputo Expertises\" \/>\n<meta property=\"og:description\" content=\"Il Cabinet Caputo Expertises \u00e8 competente in materia di valutazione immobiliare e patrimonio, beni aziendali e mutui immobiliari.\" \/>\n<meta property=\"og:url\" content=\"https:\/\/caputo-expertises.com\/it\/le-attivita\/\" \/>\n<meta property=\"og:site_name\" content=\"caputo-expertises\" \/>\n<meta property=\"article:modified_time\" content=\"2024-12-31T15:55:47+00:00\" \/>\n<meta property=\"og:image\" content=\"https:\/\/caputo-expertises.com\/wp-content\/uploads\/2018\/06\/rapport_image.jpg\" \/>\n<meta name=\"twitter:card\" content=\"summary_large_image\" \/>\n<meta name=\"twitter:label1\" content=\"Tempo di lettura stimato\" \/>\n\t<meta name=\"twitter:data1\" content=\"2 minuti\" \/>\n<script type=\"application\/ld+json\" class=\"yoast-schema-graph\">{\"@context\":\"https:\/\/schema.org\",\"@graph\":[{\"@type\":\"WebPage\",\"@id\":\"https:\/\/caputo-expertises.com\/it\/le-attivita\/\",\"url\":\"https:\/\/caputo-expertises.com\/it\/le-attivita\/\",\"name\":\"Le nostre attivit\u00e0 - Studio Caputo Expertises\",\"isPartOf\":{\"@id\":\"https:\/\/caputo-expertises.com\/it\/#website\"},\"primaryImageOfPage\":{\"@id\":\"https:\/\/caputo-expertises.com\/it\/le-attivita\/#primaryimage\"},\"image\":{\"@id\":\"https:\/\/caputo-expertises.com\/it\/le-attivita\/#primaryimage\"},\"thumbnailUrl\":\"https:\/\/caputo-expertises.com\/wp-content\/uploads\/2018\/06\/rapport_image.jpg\",\"datePublished\":\"2021-04-17T20:12:11+00:00\",\"dateModified\":\"2024-12-31T15:55:47+00:00\",\"description\":\"Il Cabinet Caputo Expertises \u00e8 competente in materia di valutazione immobiliare e patrimonio, beni aziendali e mutui immobiliari.\",\"breadcrumb\":{\"@id\":\"https:\/\/caputo-expertises.com\/it\/le-attivita\/#breadcrumb\"},\"inLanguage\":\"it-IT\",\"potentialAction\":[{\"@type\":\"ReadAction\",\"target\":[\"https:\/\/caputo-expertises.com\/it\/le-attivita\/\"]}]},{\"@type\":\"ImageObject\",\"inLanguage\":\"it-IT\",\"@id\":\"https:\/\/caputo-expertises.com\/it\/le-attivita\/#primaryimage\",\"url\":\"https:\/\/caputo-expertises.com\/wp-content\/uploads\/2018\/06\/rapport_image.jpg\",\"contentUrl\":\"https:\/\/caputo-expertises.com\/wp-content\/uploads\/2018\/06\/rapport_image.jpg\"},{\"@type\":\"BreadcrumbList\",\"@id\":\"https:\/\/caputo-expertises.com\/it\/le-attivita\/#breadcrumb\",\"itemListElement\":[{\"@type\":\"ListItem\",\"position\":1,\"name\":\"Accueil\",\"item\":\"https:\/\/caputo-expertises.com\/it\/\"},{\"@type\":\"ListItem\",\"position\":2,\"name\":\"Le nostre attivit\u00e0\"}]},{\"@type\":\"WebSite\",\"@id\":\"https:\/\/caputo-expertises.com\/it\/#website\",\"url\":\"https:\/\/caputo-expertises.com\/it\/\",\"name\":\"Caputo Expertises\",\"description\":\"\",\"publisher\":{\"@id\":\"https:\/\/caputo-expertises.com\/it\/#organization\"},\"potentialAction\":[{\"@type\":\"SearchAction\",\"target\":{\"@type\":\"EntryPoint\",\"urlTemplate\":\"https:\/\/caputo-expertises.com\/it\/?s={search_term_string}\"},\"query-input\":{\"@type\":\"PropertyValueSpecification\",\"valueRequired\":true,\"valueName\":\"search_term_string\"}}],\"inLanguage\":\"it-IT\"},{\"@type\":\"Organization\",\"@id\":\"https:\/\/caputo-expertises.com\/it\/#organization\",\"name\":\"CAPUTO-EXPERTISES\",\"url\":\"https:\/\/caputo-expertises.com\/it\/\",\"logo\":{\"@type\":\"ImageObject\",\"inLanguage\":\"it-IT\",\"@id\":\"https:\/\/caputo-expertises.com\/it\/#\/schema\/logo\/image\/\",\"url\":\"https:\/\/caputo-expertises.com\/wp-content\/uploads\/2018\/10\/Logo_caputo_expertises_transparent-1.png\",\"contentUrl\":\"https:\/\/caputo-expertises.com\/wp-content\/uploads\/2018\/10\/Logo_caputo_expertises_transparent-1.png\",\"width\":5712,\"height\":5288,\"caption\":\"CAPUTO-EXPERTISES\"},\"image\":{\"@id\":\"https:\/\/caputo-expertises.com\/it\/#\/schema\/logo\/image\/\"},\"sameAs\":[\"https:\/\/fr.linkedin.com\/in\/patrick-caputo-957053159\"]}]}<\/script>\n<!-- \/ Yoast SEO plugin. -->","yoast_head_json":{"title":"Le nostre attivit\u00e0 - Studio Caputo Expertises","description":"Il Cabinet Caputo Expertises \u00e8 competente in materia di valutazione immobiliare e patrimonio, beni aziendali e mutui immobiliari.","robots":{"index":"index","follow":"follow","max-snippet":"max-snippet:-1","max-image-preview":"max-image-preview:large","max-video-preview":"max-video-preview:-1"},"canonical":"https:\/\/caputo-expertises.com\/it\/le-attivita\/","og_locale":"it_IT","og_type":"article","og_title":"Le nostre attivit\u00e0 - Studio Caputo Expertises","og_description":"Il Cabinet Caputo Expertises \u00e8 competente in materia di valutazione immobiliare e patrimonio, beni aziendali e mutui immobiliari.","og_url":"https:\/\/caputo-expertises.com\/it\/le-attivita\/","og_site_name":"caputo-expertises","article_modified_time":"2024-12-31T15:55:47+00:00","og_image":[{"url":"https:\/\/caputo-expertises.com\/wp-content\/uploads\/2018\/06\/rapport_image.jpg","type":"","width":"","height":""}],"twitter_card":"summary_large_image","twitter_misc":{"Tempo di lettura stimato":"2 minuti"},"schema":{"@context":"https:\/\/schema.org","@graph":[{"@type":"WebPage","@id":"https:\/\/caputo-expertises.com\/it\/le-attivita\/","url":"https:\/\/caputo-expertises.com\/it\/le-attivita\/","name":"Le nostre attivit\u00e0 - Studio Caputo Expertises","isPartOf":{"@id":"https:\/\/caputo-expertises.com\/it\/#website"},"primaryImageOfPage":{"@id":"https:\/\/caputo-expertises.com\/it\/le-attivita\/#primaryimage"},"image":{"@id":"https:\/\/caputo-expertises.com\/it\/le-attivita\/#primaryimage"},"thumbnailUrl":"https:\/\/caputo-expertises.com\/wp-content\/uploads\/2018\/06\/rapport_image.jpg","datePublished":"2021-04-17T20:12:11+00:00","dateModified":"2024-12-31T15:55:47+00:00","description":"Il Cabinet Caputo Expertises \u00e8 competente in materia di valutazione immobiliare e patrimonio, beni aziendali e mutui immobiliari.","breadcrumb":{"@id":"https:\/\/caputo-expertises.com\/it\/le-attivita\/#breadcrumb"},"inLanguage":"it-IT","potentialAction":[{"@type":"ReadAction","target":["https:\/\/caputo-expertises.com\/it\/le-attivita\/"]}]},{"@type":"ImageObject","inLanguage":"it-IT","@id":"https:\/\/caputo-expertises.com\/it\/le-attivita\/#primaryimage","url":"https:\/\/caputo-expertises.com\/wp-content\/uploads\/2018\/06\/rapport_image.jpg","contentUrl":"https:\/\/caputo-expertises.com\/wp-content\/uploads\/2018\/06\/rapport_image.jpg"},{"@type":"BreadcrumbList","@id":"https:\/\/caputo-expertises.com\/it\/le-attivita\/#breadcrumb","itemListElement":[{"@type":"ListItem","position":1,"name":"Accueil","item":"https:\/\/caputo-expertises.com\/it\/"},{"@type":"ListItem","position":2,"name":"Le nostre attivit\u00e0"}]},{"@type":"WebSite","@id":"https:\/\/caputo-expertises.com\/it\/#website","url":"https:\/\/caputo-expertises.com\/it\/","name":"Caputo Expertises","description":"","publisher":{"@id":"https:\/\/caputo-expertises.com\/it\/#organization"},"potentialAction":[{"@type":"SearchAction","target":{"@type":"EntryPoint","urlTemplate":"https:\/\/caputo-expertises.com\/it\/?s={search_term_string}"},"query-input":{"@type":"PropertyValueSpecification","valueRequired":true,"valueName":"search_term_string"}}],"inLanguage":"it-IT"},{"@type":"Organization","@id":"https:\/\/caputo-expertises.com\/it\/#organization","name":"CAPUTO-EXPERTISES","url":"https:\/\/caputo-expertises.com\/it\/","logo":{"@type":"ImageObject","inLanguage":"it-IT","@id":"https:\/\/caputo-expertises.com\/it\/#\/schema\/logo\/image\/","url":"https:\/\/caputo-expertises.com\/wp-content\/uploads\/2018\/10\/Logo_caputo_expertises_transparent-1.png","contentUrl":"https:\/\/caputo-expertises.com\/wp-content\/uploads\/2018\/10\/Logo_caputo_expertises_transparent-1.png","width":5712,"height":5288,"caption":"CAPUTO-EXPERTISES"},"image":{"@id":"https:\/\/caputo-expertises.com\/it\/#\/schema\/logo\/image\/"},"sameAs":["https:\/\/fr.linkedin.com\/in\/patrick-caputo-957053159"]}]}},"_links":{"self":[{"href":"https:\/\/caputo-expertises.com\/it\/wp-json\/wp\/v2\/pages\/830","targetHints":{"allow":["GET"]}}],"collection":[{"href":"https:\/\/caputo-expertises.com\/it\/wp-json\/wp\/v2\/pages"}],"about":[{"href":"https:\/\/caputo-expertises.com\/it\/wp-json\/wp\/v2\/types\/page"}],"author":[{"embeddable":true,"href":"https:\/\/caputo-expertises.com\/it\/wp-json\/wp\/v2\/users\/1"}],"replies":[{"embeddable":true,"href":"https:\/\/caputo-expertises.com\/it\/wp-json\/wp\/v2\/comments?post=830"}],"version-history":[{"count":15,"href":"https:\/\/caputo-expertises.com\/it\/wp-json\/wp\/v2\/pages\/830\/revisions"}],"predecessor-version":[{"id":1404,"href":"https:\/\/caputo-expertises.com\/it\/wp-json\/wp\/v2\/pages\/830\/revisions\/1404"}],"wp:attachment":[{"href":"https:\/\/caputo-expertises.com\/it\/wp-json\/wp\/v2\/media?parent=830"}],"curies":[{"name":"wp","href":"https:\/\/api.w.org\/{rel}","templated":true}]}}