{"id":998,"date":"2021-04-23T22:09:13","date_gmt":"2021-04-23T20:09:13","guid":{"rendered":"https:\/\/caputo-expertises.com\/i-metodi\/"},"modified":"2024-12-31T16:56:25","modified_gmt":"2024-12-31T15:56:25","slug":"i-metodi","status":"publish","type":"page","link":"https:\/\/caputo-expertises.com\/it\/i-metodi\/","title":{"rendered":"I metodi"},"content":{"rendered":"<div data-label=\"Content\" data-id=\"content-6\" data-export-id=\"content-6\" data-category=\"content\" class=\"content-6 content-section content-section-spacing\" id=\"content-14\" style=\"background-color: #ffffff;\">\r\n<div class=\"gridContainer\">\r\n<div class=\"row text-center\">\r\n<div class=\"section-title-col\" data-type=\"column\">\r\n<h2 class=\"\">I nostri metodi per stablire una perizia<\/h2>\r\n<p class=\"lead\">Per valutare una propriet\u00e0, utilizziamo principalmente quattro tipi di metodi.<\/p>\r\n\r\n<\/div>\r\n<\/div>\r\n<div class=\"row middle-sm\">\r\n<div class=\"col-sm-6\">\r\n<div class=\"row\">\r\n<div class=\"col-xs-12 space-bottom\" data-type=\"column\">\r\n<h3 class=\"color2\">I quattro principali tipi di metodi in Francia.<\/h3>\r\n<\/div>\r\n<div data-type=\"row\" class=\"col-xs-12\">\r\n<div class=\"row space-bottom\">\r\n<div class=\"col-sm-2 text-center\"><i class=\"fa fa-codepen icon big color1\"><\/i><\/div>\r\n<div class=\"col-sm-10\" data-type=\"column\">\r\n<h5 class=\"color1\">IL METODO SUOLO E COSTRUZIONE<\/h5>\r\n<p class=\"\">Consiste nella determinazione del valore dei terreni dello stesso settore, maggiorato del costo di costruzione identica, diminuito dall&#8217;obsolescenza dell&#8217;immobile.<\/p>\r\n\r\n<\/div>\r\n<\/div>\r\n<div class=\"row space-bottom\">\r\n<div class=\"col-sm-2 text-center\"><i class=\"fa icon fa-window-restore big color1\"><\/i><\/div>\r\n<div class=\"col-sm-10\" data-type=\"column\">\r\n<h5 class=\"color1\">METODI COMPARATIVI<\/h5>\r\n<p class=\"\">Consistono nel determinare il valore di un bene analizzando il prezzo di vendita di altri beni noti come &#8221;&nbsp; riferimenti&nbsp; &#8221; o &#8221;&nbsp; punti di confronto&nbsp; &#8220;. Questi altri beni sono il pi\u00f9 possibile simili in termini di consistenza, condizione e ubicazione al bene da valutare.<\/p>\r\nTali metodi consistono nell&#8217;ottenere un massimo di referenze congruenti con l&#8217;immobile da valutare.\r\n\r\n<\/div>\r\n<\/div>\r\n<div class=\"row space-bottom\">\r\n<div class=\"col-sm-2 text-center\"><i class=\"fa fa-cubes icon big color1\"><\/i><\/div>\r\n<div class=\"col-sm-10\" data-type=\"column\">\r\n<h5 class=\"color1\">IL METODO DI CAPITALIZZAZIONE DEL REDDITO<\/h5>\r\n<p class=\"\">Consiste nel determinare il valore dell&#8217;immobile in base agli affitti generati dall&#8217;affitto o che potrebbe ricevere se l&#8217;immobile fosse libero. Il legame tra questi canoni e il valore di mercato \u00e8 il tasso di capitalizzazione. Questo tasso misura i criteri del sito di qualit\u00e0 della costruzione e fluidit\u00e0 del mercato.<\/p>\r\n\r\n<\/div>\r\n<\/div>\r\n<div class=\"row space-bottom\">\r\n<div class=\"col-sm-2 text-center\"><i class=\"fa icon fa-line-chart big color1\"><\/i><\/div>\r\n<div class=\"col-sm-10\" data-type=\"column\">\r\n<h5 class=\"color1\">IL METODO DI AGGIORNAMENTO DEI CASH FLOW<\/h5>\r\n<p class=\"\">Consiste nel determinare per un investitore il valore di un immobile dal flusso finanziario fornito dall&#8217;edificio in un dato periodo. \u00c8 poco utilizzato perch\u00e9 \u00e8 molto complesso e delicato perch\u00e9 potrebbe rivelarsi poco rappresentativo in futuro.<\/p>\r\n\r\n<\/div>\r\n<\/div>\r\n<\/div>\r\n<\/div>\r\n<\/div>\r\n<div class=\"col-sm-6 flexbox around-xs top-xs\">\r\n<div class=\"overlay-box flexbox middle-xs center-xs overlay-holder\">\r\n<div class=\"overlay-box-offset offset-border shadow-medium border-color2 hide-xs\"><\/div>\r\n<img decoding=\"async\" class=\"flexbox shadow-large img1\" data-size=\"600x400\" src=\"https:\/\/caputo-expertises.com\/wp-content\/uploads\/2018\/06\/blue_building.jpg\">\r\n\r\n<\/div>\r\n<\/div>\r\n<\/div>\r\n<\/div>\r\n<\/div>\r\n<footer  style=\"padding: 30px; background: #333333; color: #ffffff;\">\r\n    <div  class=\"gridContainer\" style=\"max-width: 1200px; margin: auto; padding: 30px 30px 20px;\">\r\n        <div  class=\"row spaced-cols\" style=\"display: flex; flex-wrap: wrap; justify-content: space-between;\">\r\n\r\n            <div  class=\"col-sm-6 col-md-3\">\r\n                <h4  class=\"footer-title\">Chi siamo<\/h4>\r\n                <p >Caputo-Expertises \u00e8 uno studio specializzato nella valutazione di immobili e propriet\u00e0 commerciali per privati, commercianti, aziende e istituzioni.<\/p>\r\n            <\/div>\r\n\r\n            <div  class=\"col-sm-6 col-md-3\">\r\n                <h4  class=\"footer-title\">Ore<\/h4>\r\n                <p >Dal luned\u00ec al venerd\u00ec: dalle 08:00 alle 12:00 e dalle 14:00 alle 18:00.<\/p>\r\n                <p ><br >Sabato: 08:00 \u2013 12:00 e 14:00 \u2013 18:00<\/p>\r\n            <\/div>\r\n\r\n            <div  class=\"col-sm-6 col-md-3\">\r\n                <h4  class=\"footer-title\">Informazioni sull\u2019indirizzo<\/h4>\r\n                <p ><i  class=\"fa fa-address-card\"><\/i>  1173 Vieux Chemin de Cagnes, 06610 La Gaude<\/p>\r\n                <p ><i  class=\"fa fa-phone\"><\/i> <a  class=\"link\" href=\"tel:\/\/+33669183510\" style=\"color: #ffffff;\">+33 (0)6 69 18 35 10<\/a><\/p>\r\n                <p ><i  class=\"fa fa-envelope\"><\/i> <a  href=\"mailto:contact@caputo-expertises.com\" style=\"color: #ffffff;\">contact@caputo-expertises.com<\/a><\/p>\r\n            <\/div>\r\n\r\n            <div  class=\"col-sm-6 col-md-3\">\r\n                <h4  class=\"footer-title\">Mappa<\/h4>\r\n                <iframe  width=\"100%\" height=\"200\" style=\"border: 0;\" loading=\"lazy\" src=\"https:\/\/www.google.com\/maps\/embed?pb=!1m18!1m12!1m3!1d2884.1887595278217!2d7.145542715499469!3d43.706626179119475!2m3!1f0!2f0!3f0!3m2!1i1024!2i768!4f13.1!3m3!1m2!1s0x12cdd26f48adb477%3A0x53d8917b73289898!2s1173+Vieux+Chemin+de+Cagnes+%C3%A0+La+Gaude%2C+06610+La+Gaude!5e0!3m2!1sen!2sfr!4v1538600712807\" frameborder=\"0\" allowfullscreen=\"allowfullscreen\"><\/iframe>\r\n            <\/div>\r\n\r\n            <div  class=\"col-sm-6 col-md-3\" style=\"text-align: center;\">\r\n                <img  decoding=\"async\" src=\"https:\/\/caputo-expertises.com\/wp-content\/uploads\/2024\/10\/logo_membre_college_experts_immobiliers_cmjn_hd.jpg\" alt=\"Logo 1\" style=\"max-width: 100%; height: auto; margin-bottom: 10px;\">\r\n                <img  decoding=\"async\" src=\"https:\/\/caputo-expertises.com\/wp-content\/uploads\/2018\/06\/logo_seim_NB-02_blanc.jpg\" alt=\"Logo 2\" style=\"max-width: 100%; height: auto;\">\r\n            <\/div>\r\n\r\n        <\/div>\r\n    <\/div>\r\n<\/footer>","protected":false},"excerpt":{"rendered":"<p>I nostri metodi per stablire una perizia Per valutare una propriet\u00e0, utilizziamo principalmente quattro tipi di metodi. I quattro principali tipi di metodi in Francia. IL METODO SUOLO E COSTRUZIONE Consiste nella determinazione del valore dei terreni dello stesso settore, maggiorato del costo di costruzione identica, diminuito dall&#8217;obsolescenza dell&#8217;immobile. METODI COMPARATIVI Consistono nel determinare il&hellip; <br \/> <a class=\"read-more\" href=\"https:\/\/caputo-expertises.com\/it\/i-metodi\/\">Read more<\/a><\/p>\n","protected":false},"author":1,"featured_media":0,"parent":0,"menu_order":0,"comment_status":"closed","ping_status":"closed","template":"pro\/page-templates\/page-with-small-header.php","meta":{"footnotes":""},"class_list":["post-998","page","type-page","status-publish","hentry"],"yoast_head":"<!-- This site is optimized with the Yoast SEO plugin v26.9 - https:\/\/yoast.com\/product\/yoast-seo-wordpress\/ -->\n<title>I metodi - Studio Caputo Expertises<\/title>\n<meta name=\"description\" content=\"Lo studio Caputo Expertises utilizza i metodi pi\u00f9 riconosciuti per valutare il tuo patrimonio immobiliare, professionale o commerciale.\" \/>\n<meta name=\"robots\" content=\"index, follow, max-snippet:-1, max-image-preview:large, max-video-preview:-1\" \/>\n<link rel=\"canonical\" href=\"https:\/\/caputo-expertises.com\/it\/i-metodi\/\" \/>\n<meta property=\"og:locale\" content=\"it_IT\" \/>\n<meta property=\"og:type\" content=\"article\" \/>\n<meta property=\"og:title\" content=\"I metodi - Studio Caputo Expertises\" \/>\n<meta property=\"og:description\" content=\"Lo studio Caputo Expertises utilizza i metodi pi\u00f9 riconosciuti per valutare il tuo patrimonio immobiliare, professionale o commerciale.\" \/>\n<meta property=\"og:url\" content=\"https:\/\/caputo-expertises.com\/it\/i-metodi\/\" \/>\n<meta property=\"og:site_name\" content=\"caputo-expertises\" \/>\n<meta property=\"article:modified_time\" content=\"2024-12-31T15:56:25+00:00\" \/>\n<meta property=\"og:image\" content=\"https:\/\/caputo-expertises.com\/wp-content\/uploads\/2018\/06\/blue_building.jpg\" \/>\n<meta name=\"twitter:card\" content=\"summary_large_image\" \/>\n<meta name=\"twitter:label1\" content=\"Tempo di lettura stimato\" \/>\n\t<meta name=\"twitter:data1\" content=\"1 minuto\" \/>\n<script type=\"application\/ld+json\" class=\"yoast-schema-graph\">{\"@context\":\"https:\/\/schema.org\",\"@graph\":[{\"@type\":\"WebPage\",\"@id\":\"https:\/\/caputo-expertises.com\/it\/i-metodi\/\",\"url\":\"https:\/\/caputo-expertises.com\/it\/i-metodi\/\",\"name\":\"I metodi - Studio Caputo Expertises\",\"isPartOf\":{\"@id\":\"https:\/\/caputo-expertises.com\/it\/#website\"},\"primaryImageOfPage\":{\"@id\":\"https:\/\/caputo-expertises.com\/it\/i-metodi\/#primaryimage\"},\"image\":{\"@id\":\"https:\/\/caputo-expertises.com\/it\/i-metodi\/#primaryimage\"},\"thumbnailUrl\":\"https:\/\/caputo-expertises.com\/wp-content\/uploads\/2018\/06\/blue_building.jpg\",\"datePublished\":\"2021-04-23T20:09:13+00:00\",\"dateModified\":\"2024-12-31T15:56:25+00:00\",\"description\":\"Lo studio Caputo Expertises utilizza i metodi pi\u00f9 riconosciuti per valutare il tuo patrimonio immobiliare, professionale o commerciale.\",\"breadcrumb\":{\"@id\":\"https:\/\/caputo-expertises.com\/it\/i-metodi\/#breadcrumb\"},\"inLanguage\":\"it-IT\",\"potentialAction\":[{\"@type\":\"ReadAction\",\"target\":[\"https:\/\/caputo-expertises.com\/it\/i-metodi\/\"]}]},{\"@type\":\"ImageObject\",\"inLanguage\":\"it-IT\",\"@id\":\"https:\/\/caputo-expertises.com\/it\/i-metodi\/#primaryimage\",\"url\":\"https:\/\/caputo-expertises.com\/wp-content\/uploads\/2018\/06\/blue_building.jpg\",\"contentUrl\":\"https:\/\/caputo-expertises.com\/wp-content\/uploads\/2018\/06\/blue_building.jpg\"},{\"@type\":\"BreadcrumbList\",\"@id\":\"https:\/\/caputo-expertises.com\/it\/i-metodi\/#breadcrumb\",\"itemListElement\":[{\"@type\":\"ListItem\",\"position\":1,\"name\":\"Accueil\",\"item\":\"https:\/\/caputo-expertises.com\/it\/\"},{\"@type\":\"ListItem\",\"position\":2,\"name\":\"I metodi\"}]},{\"@type\":\"WebSite\",\"@id\":\"https:\/\/caputo-expertises.com\/it\/#website\",\"url\":\"https:\/\/caputo-expertises.com\/it\/\",\"name\":\"Caputo Expertises\",\"description\":\"\",\"publisher\":{\"@id\":\"https:\/\/caputo-expertises.com\/it\/#organization\"},\"potentialAction\":[{\"@type\":\"SearchAction\",\"target\":{\"@type\":\"EntryPoint\",\"urlTemplate\":\"https:\/\/caputo-expertises.com\/it\/?s={search_term_string}\"},\"query-input\":{\"@type\":\"PropertyValueSpecification\",\"valueRequired\":true,\"valueName\":\"search_term_string\"}}],\"inLanguage\":\"it-IT\"},{\"@type\":\"Organization\",\"@id\":\"https:\/\/caputo-expertises.com\/it\/#organization\",\"name\":\"CAPUTO-EXPERTISES\",\"url\":\"https:\/\/caputo-expertises.com\/it\/\",\"logo\":{\"@type\":\"ImageObject\",\"inLanguage\":\"it-IT\",\"@id\":\"https:\/\/caputo-expertises.com\/it\/#\/schema\/logo\/image\/\",\"url\":\"https:\/\/caputo-expertises.com\/wp-content\/uploads\/2018\/10\/Logo_caputo_expertises_transparent-1.png\",\"contentUrl\":\"https:\/\/caputo-expertises.com\/wp-content\/uploads\/2018\/10\/Logo_caputo_expertises_transparent-1.png\",\"width\":5712,\"height\":5288,\"caption\":\"CAPUTO-EXPERTISES\"},\"image\":{\"@id\":\"https:\/\/caputo-expertises.com\/it\/#\/schema\/logo\/image\/\"},\"sameAs\":[\"https:\/\/fr.linkedin.com\/in\/patrick-caputo-957053159\"]}]}<\/script>\n<!-- \/ Yoast SEO plugin. -->","yoast_head_json":{"title":"I metodi - Studio Caputo Expertises","description":"Lo studio Caputo Expertises utilizza i metodi pi\u00f9 riconosciuti per valutare il tuo patrimonio immobiliare, professionale o commerciale.","robots":{"index":"index","follow":"follow","max-snippet":"max-snippet:-1","max-image-preview":"max-image-preview:large","max-video-preview":"max-video-preview:-1"},"canonical":"https:\/\/caputo-expertises.com\/it\/i-metodi\/","og_locale":"it_IT","og_type":"article","og_title":"I metodi - Studio Caputo Expertises","og_description":"Lo studio Caputo Expertises utilizza i metodi pi\u00f9 riconosciuti per valutare il tuo patrimonio immobiliare, professionale o commerciale.","og_url":"https:\/\/caputo-expertises.com\/it\/i-metodi\/","og_site_name":"caputo-expertises","article_modified_time":"2024-12-31T15:56:25+00:00","og_image":[{"url":"https:\/\/caputo-expertises.com\/wp-content\/uploads\/2018\/06\/blue_building.jpg","type":"","width":"","height":""}],"twitter_card":"summary_large_image","twitter_misc":{"Tempo di lettura stimato":"1 minuto"},"schema":{"@context":"https:\/\/schema.org","@graph":[{"@type":"WebPage","@id":"https:\/\/caputo-expertises.com\/it\/i-metodi\/","url":"https:\/\/caputo-expertises.com\/it\/i-metodi\/","name":"I metodi - Studio Caputo Expertises","isPartOf":{"@id":"https:\/\/caputo-expertises.com\/it\/#website"},"primaryImageOfPage":{"@id":"https:\/\/caputo-expertises.com\/it\/i-metodi\/#primaryimage"},"image":{"@id":"https:\/\/caputo-expertises.com\/it\/i-metodi\/#primaryimage"},"thumbnailUrl":"https:\/\/caputo-expertises.com\/wp-content\/uploads\/2018\/06\/blue_building.jpg","datePublished":"2021-04-23T20:09:13+00:00","dateModified":"2024-12-31T15:56:25+00:00","description":"Lo studio Caputo Expertises utilizza i metodi pi\u00f9 riconosciuti per valutare il tuo patrimonio immobiliare, professionale o commerciale.","breadcrumb":{"@id":"https:\/\/caputo-expertises.com\/it\/i-metodi\/#breadcrumb"},"inLanguage":"it-IT","potentialAction":[{"@type":"ReadAction","target":["https:\/\/caputo-expertises.com\/it\/i-metodi\/"]}]},{"@type":"ImageObject","inLanguage":"it-IT","@id":"https:\/\/caputo-expertises.com\/it\/i-metodi\/#primaryimage","url":"https:\/\/caputo-expertises.com\/wp-content\/uploads\/2018\/06\/blue_building.jpg","contentUrl":"https:\/\/caputo-expertises.com\/wp-content\/uploads\/2018\/06\/blue_building.jpg"},{"@type":"BreadcrumbList","@id":"https:\/\/caputo-expertises.com\/it\/i-metodi\/#breadcrumb","itemListElement":[{"@type":"ListItem","position":1,"name":"Accueil","item":"https:\/\/caputo-expertises.com\/it\/"},{"@type":"ListItem","position":2,"name":"I metodi"}]},{"@type":"WebSite","@id":"https:\/\/caputo-expertises.com\/it\/#website","url":"https:\/\/caputo-expertises.com\/it\/","name":"Caputo Expertises","description":"","publisher":{"@id":"https:\/\/caputo-expertises.com\/it\/#organization"},"potentialAction":[{"@type":"SearchAction","target":{"@type":"EntryPoint","urlTemplate":"https:\/\/caputo-expertises.com\/it\/?s={search_term_string}"},"query-input":{"@type":"PropertyValueSpecification","valueRequired":true,"valueName":"search_term_string"}}],"inLanguage":"it-IT"},{"@type":"Organization","@id":"https:\/\/caputo-expertises.com\/it\/#organization","name":"CAPUTO-EXPERTISES","url":"https:\/\/caputo-expertises.com\/it\/","logo":{"@type":"ImageObject","inLanguage":"it-IT","@id":"https:\/\/caputo-expertises.com\/it\/#\/schema\/logo\/image\/","url":"https:\/\/caputo-expertises.com\/wp-content\/uploads\/2018\/10\/Logo_caputo_expertises_transparent-1.png","contentUrl":"https:\/\/caputo-expertises.com\/wp-content\/uploads\/2018\/10\/Logo_caputo_expertises_transparent-1.png","width":5712,"height":5288,"caption":"CAPUTO-EXPERTISES"},"image":{"@id":"https:\/\/caputo-expertises.com\/it\/#\/schema\/logo\/image\/"},"sameAs":["https:\/\/fr.linkedin.com\/in\/patrick-caputo-957053159"]}]}},"_links":{"self":[{"href":"https:\/\/caputo-expertises.com\/it\/wp-json\/wp\/v2\/pages\/998","targetHints":{"allow":["GET"]}}],"collection":[{"href":"https:\/\/caputo-expertises.com\/it\/wp-json\/wp\/v2\/pages"}],"about":[{"href":"https:\/\/caputo-expertises.com\/it\/wp-json\/wp\/v2\/types\/page"}],"author":[{"embeddable":true,"href":"https:\/\/caputo-expertises.com\/it\/wp-json\/wp\/v2\/users\/1"}],"replies":[{"embeddable":true,"href":"https:\/\/caputo-expertises.com\/it\/wp-json\/wp\/v2\/comments?post=998"}],"version-history":[{"count":5,"href":"https:\/\/caputo-expertises.com\/it\/wp-json\/wp\/v2\/pages\/998\/revisions"}],"predecessor-version":[{"id":1405,"href":"https:\/\/caputo-expertises.com\/it\/wp-json\/wp\/v2\/pages\/998\/revisions\/1405"}],"wp:attachment":[{"href":"https:\/\/caputo-expertises.com\/it\/wp-json\/wp\/v2\/media?parent=998"}],"curies":[{"name":"wp","href":"https:\/\/api.w.org\/{rel}","templated":true}]}}